{"id":74,"date":"2016-06-06T21:12:40","date_gmt":"2016-06-06T19:12:40","guid":{"rendered":"https:\/\/campingtiszafured.hu\/hu\/?page_id=74"},"modified":"2025-03-23T23:55:24","modified_gmt":"2025-03-23T21:55:24","slug":"arak","status":"publish","type":"page","link":"https:\/\/campingtiszafured.hu\/hu\/arak\/","title":{"rendered":"\u00c1rak"},"content":{"rendered":"\n<h2 class=\"wp-block-heading\">2025-\u00f6s \u00e1rak<\/h2>\n\n\n\n<p>Al\u00e1bb megtal\u00e1lhat\u00f3k a Dieter&#8217;s Camping \u00e9s Apartman Tiszaf\u00fcred 2025-\u00f6s \u00e1rai.<\/p>\n\n\n\n<hr class=\"wp-block-separator has-css-opacity is-style-default\"\/>\n\n\n\n<h4 class=\"wp-block-heading\"><strong>Kemping \u00e1rak<\/strong><\/h4>\n\n\n\n<div class=\"wp-block-columns is-layout-flex wp-container-core-columns-is-layout-9d6595d7 wp-block-columns-is-layout-flex\">\n<div class=\"wp-block-column is-layout-flow wp-block-column-is-layout-flow\" style=\"flex-basis:100%\">\n<figure class=\"wp-block-table aligncenter\"><table><tbody><tr><td class=\"has-text-align-left\" data-align=\"left\"><strong>T\u00e9tel<\/strong><\/td><td class=\"has-text-align-right\" data-align=\"right\"><strong>El\u0151-, \u00e9s ut\u00f3szezoni \u00e1rak<br><\/strong><em>(01.04-05.31 \/ 01.09-30.09)<\/em><\/td><td class=\"has-text-align-right\" data-align=\"right\"><strong>F\u0151szezoni \u00e1rak<br><\/strong><em>(01.06-31.08)<\/em><\/td><\/tr><tr><td class=\"has-text-align-left\" data-align=\"left\">Kempinghely Lak\u00f3busz, lak\u00f3kocsi<\/td><td class=\"has-text-align-right\" data-align=\"right\">2.500 Ft\/\u00e9j<\/td><td class=\"has-text-align-right\" data-align=\"right\">2.750 Ft\/\u00e9j<\/td><\/tr><tr><td class=\"has-text-align-left\" data-align=\"left\">Feln\u0151tt <\/td><td class=\"has-text-align-right\" data-align=\"right\">2.500 Ft\/f\u0151\/\u00e9j<\/td><td class=\"has-text-align-right\" data-align=\"right\">2.750 Ft\/f\u0151\/\u00e9j<\/td><\/tr><tr><td class=\"has-text-align-left\" data-align=\"left\">Nyugd\u00edjas<\/td><td class=\"has-text-align-right\" data-align=\"right\">2.300 Ft\/f\u0151\/\u00e9j<\/td><td class=\"has-text-align-right\" data-align=\"right\">2.500 Ft\/f\u0151\/\u00e9j<\/td><\/tr><tr><td class=\"has-text-align-left\" data-align=\"left\">Gyermek (3-18 \u00e9v k\u00f6z\u00f6tt)<\/td><td class=\"has-text-align-right\" data-align=\"right\">2.000 Ft\/f\u0151\/\u00e9j<\/td><td class=\"has-text-align-right\" data-align=\"right\">2.200 Ft\/f\u0151\/\u00e9j<\/td><\/tr><tr><td class=\"has-text-align-left\" data-align=\"left\">Kommun\u00e1lis d\u00edj<\/td><td class=\"has-text-align-right\" data-align=\"right\">600 Ft\/f\u0151\/\u00e9j<\/td><td class=\"has-text-align-right\" data-align=\"right\">600 Ft\/f\u0151\/\u00e9j<\/td><\/tr><tr><td class=\"has-text-align-left\" data-align=\"left\">\u00c1ramd\u00edj<\/td><td class=\"has-text-align-right\" data-align=\"right\">2.950 Ft\/\u00e9j<\/td><td class=\"has-text-align-right\" data-align=\"right\">2.950 Ft\/\u00e9j<\/td><\/tr><tr><td class=\"has-text-align-left\" data-align=\"left\">Kis\u00e1llat<\/td><td class=\"has-text-align-right\" data-align=\"right\">1.500 Ft\/\u00e9j<\/td><td class=\"has-text-align-right\" data-align=\"right\">1.500 Ft\/\u00e9j<\/td><\/tr><tr><td class=\"has-text-align-left\" data-align=\"left\">Idegenforgalmi ad\u00f3<\/td><td class=\"has-text-align-right\" data-align=\"right\">500 Ft\/f\u0151\/\u00e9j<\/td><td class=\"has-text-align-right\" data-align=\"right\">500 Ft\/f\u0151\/\u00e9j<\/td><\/tr><tr><td class=\"has-text-align-left\" data-align=\"left\">Aut\u00f3 parkol\u00e1s<\/td><td class=\"has-text-align-right\" data-align=\"right\">1.200 Ft\/\u00e9j<\/td><td class=\"has-text-align-right\" data-align=\"right\">1.200 Ft\/\u00e9j<\/td><\/tr><\/tbody><\/table><figcaption class=\"wp-element-caption\">2025-\u00f6s kemping \u00e1rak<\/figcaption><\/figure>\n<\/div>\n<\/div>\n\n\n\n<hr class=\"wp-block-separator has-css-opacity\"\/>\n\n\n\n<h4 class=\"wp-block-heading\"><strong>Apartman \u00e1rak<\/strong><\/h4>\n\n\n\n<div class=\"wp-block-columns is-layout-flex wp-container-core-columns-is-layout-9d6595d7 wp-block-columns-is-layout-flex\">\n<div class=\"wp-block-column is-layout-flow wp-block-column-is-layout-flow\" style=\"flex-basis:100%\">\n<figure class=\"wp-block-table aligncenter\"><table><tbody><tr><td class=\"has-text-align-left\" data-align=\"left\"><strong>T\u00e9tel<\/strong><\/td><td class=\"has-text-align-right\" data-align=\"right\"><strong>El\u0151-, \u00e9s ut\u00f3szezoni \u00e1rak<br><\/strong><em>(01.04-05.31 \/ 01.09-30.09)<\/em><\/td><td class=\"has-text-align-right\" data-align=\"right\"><strong>F\u0151szezoni \u00e1rak<br><\/strong><em>(01.06-31.08)<\/em><\/td><\/tr><tr><td class=\"has-text-align-left\" data-align=\"left\">Apartman 2 szem\u00e9ly r\u00e9sz\u00e9re \/reggeli \u00e9s IFA n\u00e9lk\u00fcl\/<\/td><td class=\"has-text-align-right\" data-align=\"right\">22.000 Ft\/\u00e9j<\/td><td class=\"has-text-align-right\" data-align=\"right\">30.000 Ft\/\u00e9j<\/td><\/tr><tr><td class=\"has-text-align-left\" data-align=\"left\">Apartman 4 szem\u00e9ly r\u00e9sz\u00e9re \/reggeli \u00e9s IFA n\u00e9lk\u00fcl\/<\/td><td class=\"has-text-align-right\" data-align=\"right\">44.000 Ft\/\u00e9j<\/td><td class=\"has-text-align-right\" data-align=\"right\">50.000 Ft\/\u00e9j<\/td><\/tr><tr><td class=\"has-text-align-left\" data-align=\"left\">Tov\u00e1bbi szem\u00e9ly<\/td><td class=\"has-text-align-right\" data-align=\"right\">7.000 Ft\/f\u0151\/\u00e9j<\/td><td class=\"has-text-align-right\" data-align=\"right\">7.000 Ft\/f\u0151\/\u00e9j<\/td><\/tr><tr><td class=\"has-text-align-left\" data-align=\"left\">Aut\u00f3 parkol\u00e1s<\/td><td class=\"has-text-align-right\" data-align=\"right\">1.200 Ft\/\u00e9j<\/td><td class=\"has-text-align-right\" data-align=\"right\">1.200 Ft\/\u00e9j<\/td><\/tr><tr><td class=\"has-text-align-left\" data-align=\"left\">Idegenforgalmi ad\u00f3<\/td><td class=\"has-text-align-right\" data-align=\"right\">500 Ft\/f\u0151\/\u00e9j<\/td><td class=\"has-text-align-right\" data-align=\"right\">500 Ft\/f\u0151\/\u00e9j<\/td><\/tr><tr><td class=\"has-text-align-left\" data-align=\"left\">Kis\u00e1llat<\/td><td class=\"has-text-align-right\" data-align=\"right\">1.500 Ft\/\u00e9j<\/td><td class=\"has-text-align-right\" data-align=\"right\">1.500 Ft\/\u00e9j<\/td><\/tr><tr><td class=\"has-text-align-left\" data-align=\"left\">Egy\u00e9jszak\u00e1s fel\u00e1r<\/td><td class=\"has-text-align-right\" data-align=\"right\">3.000 Ft<\/td><td class=\"has-text-align-right\" data-align=\"right\">3.000 Ft<\/td><\/tr><\/tbody><\/table><figcaption class=\"wp-element-caption\">2025-\u00f6s apartman \u00e1rak<\/figcaption><\/figure>\n<\/div>\n<\/div>\n\n\n\n<hr class=\"wp-block-separator has-css-opacity\"\/>\n\n\n\n<p><strong>Tov\u00e1bbi szolg\u00e1ltat\u00e1sok<\/strong><\/p>\n\n\n\n<div class=\"wp-block-columns is-layout-flex wp-container-core-columns-is-layout-9d6595d7 wp-block-columns-is-layout-flex\">\n<div class=\"wp-block-column is-layout-flow wp-block-column-is-layout-flow\" style=\"flex-basis:100%\">\n<figure class=\"wp-block-table aligncenter\"><table><tbody><tr><td class=\"has-text-align-left\" data-align=\"left\"><strong>T\u00e9tel<\/strong><\/td><td class=\"has-text-align-right\" data-align=\"right\"><strong>El\u0151-, \u00e9s ut\u00f3szezoni \u00e1rak<br><\/strong><em>(01.04-05.31 \/ 01.09-30.09)<\/em><\/td><td class=\"has-text-align-right\" data-align=\"right\"><strong>F\u0151szezoni \u00e1rak<br><\/strong><em>(01.06-31.08)<\/em><\/td><\/tr><tr><td class=\"has-text-align-left\" data-align=\"left\">Ker\u00e9kp\u00e1r b\u00e9rl\u00e9s \/ 1 \u00f3ra<\/td><td class=\"has-text-align-right\" data-align=\"right\">1.500 Ft\/nap<\/td><td class=\"has-text-align-right\" data-align=\"right\">1.500 Ft\/nap<\/td><\/tr><tr><td class=\"has-text-align-left\" data-align=\"left\">Ker\u00e9kp\u00e1r b\u00e9rl\u00e9s \/ 1 nap<\/td><td class=\"has-text-align-right\" data-align=\"right\">7.500 Ft\/nap<\/td><td class=\"has-text-align-right\" data-align=\"right\">7.500 Ft\/nap<\/td><\/tr><tr><td class=\"has-text-align-left\" data-align=\"left\">Egy \u00e9ves parcella b\u00e9rl\u00e9s<\/td><td class=\"has-text-align-right\" data-align=\"right\">230.000 Ft\/\u00e9v<\/td><td class=\"has-text-align-right\" data-align=\"right\">230.000 Ft\/\u00e9v<\/td><\/tr><tr><td class=\"has-text-align-left\" data-align=\"left\">Sz\u00e1ll\u00e1s telep\u00edtett lak\u00f3kocsiban <\/td><td class=\"has-text-align-right\" data-align=\"right\">22.000 Ft\/nap\/2 f\u0151<\/td><td class=\"has-text-align-right\" data-align=\"right\">25.000 Ft\/nap\/2 f\u0151<\/td><\/tr><tr><td class=\"has-text-align-left\" data-align=\"left\">Telep\u00edtett lak\u00f3kocsi tov\u00e1bbi szem\u00e9ly (maximum +2 f\u0151)<\/td><td class=\"has-text-align-right\" data-align=\"right\">4.000 Ft\/nap\/f\u0151<\/td><td class=\"has-text-align-right\" data-align=\"right\">4.000 Ft\/nap\/f\u0151<\/td><\/tr><tr><td class=\"has-text-align-left\" data-align=\"left\">Iglu s\u00e1tor b\u00e9rl\u00e9s (2 f\u0151 + asztal, sz\u00e9k, matrac, \u00e1gynem\u0171, tartozk\u00f3d\u00e1s)<\/td><td class=\"has-text-align-right\" data-align=\"right\">17.000 Ft\/nap\/2 f\u0151<\/td><td class=\"has-text-align-right\" data-align=\"right\">18.000 Ft\/nap\/2 f\u0151<\/td><\/tr><tr><td class=\"has-text-align-left\" data-align=\"left\">Asztal \u00e9s 2 sz\u00e9k b\u00e9rl\u00e9s<\/td><td class=\"has-text-align-right\" data-align=\"right\">1.000 Ft\/\u00e9j<\/td><td class=\"has-text-align-right\" data-align=\"right\">1.000 Ft\/\u00e9j<\/td><\/tr><\/tbody><\/table><figcaption class=\"wp-element-caption\">2025-\u00f6s tov\u00e1bbi szolg\u00e1ltat\u00e1sok \u00e1rai<\/figcaption><\/figure>\n<\/div>\n<\/div>\n\n\n<div class=\"wp-block-image\">\n<figure class=\"aligncenter\"><a href=\"https:\/\/campingtiszafured.hu\/hu\/wp-content\/uploads\/2016\/06\/DSC_0047.jpg\" data-rel=\"lightbox-gallery-Q3d1tbLs\" data-rl_title=\"\" data-rl_caption=\"\" title=\"\"><img fetchpriority=\"high\" decoding=\"async\" width=\"300\" height=\"200\" src=\"https:\/\/campingtiszafured.hu\/hu\/wp-content\/uploads\/2016\/06\/DSC_0047-300x200.jpg\" alt=\"Dieter's Camping\" class=\"wp-image-110\" srcset=\"https:\/\/campingtiszafured.hu\/hu\/wp-content\/uploads\/2016\/06\/DSC_0047-300x200.jpg 300w, https:\/\/campingtiszafured.hu\/hu\/wp-content\/uploads\/2016\/06\/DSC_0047-768x512.jpg 768w, https:\/\/campingtiszafured.hu\/hu\/wp-content\/uploads\/2016\/06\/DSC_0047-1024x683.jpg 1024w, https:\/\/campingtiszafured.hu\/hu\/wp-content\/uploads\/2016\/06\/DSC_0047.jpg 1620w\" sizes=\"(max-width: 300px) 100vw, 300px\" \/><\/a><\/figure>\n<\/div>\n\n\n<p><\/p>\n","protected":false},"excerpt":{"rendered":"<p>2025-\u00f6s \u00e1rak Al\u00e1bb megtal\u00e1lhat\u00f3k a Dieter&#8217;s Camping \u00e9s Apartman Tiszaf\u00fcred 2025-\u00f6s \u00e1rai. Kemping \u00e1rak T\u00e9tel El\u0151-, \u00e9s ut\u00f3szezoni \u00e1rak(01.04-05.31 \/ 01.09-30.09) F\u0151szezoni \u00e1rak(01.06-31.08) Kempinghely Lak\u00f3busz, lak\u00f3kocsi 2.500 Ft\/\u00e9j 2.750 Ft\/\u00e9j Feln\u0151tt 2.500 Ft\/f\u0151\/\u00e9j 2.750 Ft\/f\u0151\/\u00e9j Nyugd\u00edjas 2.300 Ft\/f\u0151\/\u00e9j 2.500 Ft\/f\u0151\/\u00e9j Gyermek (3-18 \u00e9v k\u00f6z\u00f6tt) 2.000 Ft\/f\u0151\/\u00e9j 2.200 Ft\/f\u0151\/\u00e9j Kommun\u00e1lis d\u00edj 600 Ft\/f\u0151\/\u00e9j 600 Ft\/f\u0151\/\u00e9j \u00c1ramd\u00edj [&hellip;]<\/p>\n","protected":false},"author":1,"featured_media":0,"parent":0,"menu_order":0,"comment_status":"closed","ping_status":"closed","template":"","meta":{"footnotes":""},"class_list":["post-74","page","type-page","status-publish","hentry"],"yoast_head":"<!-- This site is optimized with the Yoast SEO plugin v24.7 - https:\/\/yoast.com\/wordpress\/plugins\/seo\/ -->\n<title>2024-es \u00e1rak - Dieter&#039;s Camping \u00e9s Apartman Tiszaf\u00fcred<\/title>\n<meta name=\"description\" content=\"Tekintse meg az aktu\u00e1lis, 2024-es Dieter&#039;s Kemping \u00e9s Apartman \u00e1rait! Kedvez\u0151 \u00e1rakkal v\u00e1rjuk kedves vend\u00e9geinket Tiszaf\u00fcreden, Tisza-t\u00f3 f\u0151v\u00e1ros\u00e1ban!\" \/>\n<meta name=\"robots\" content=\"index, follow, max-snippet:-1, max-image-preview:large, max-video-preview:-1\" \/>\n<link rel=\"canonical\" href=\"https:\/\/campingtiszafured.hu\/hu\/arak\/\" \/>\n<meta property=\"og:locale\" content=\"hu_HU\" \/>\n<meta property=\"og:type\" content=\"article\" \/>\n<meta property=\"og:title\" content=\"2024-es \u00e1rak - Dieter&#039;s Camping \u00e9s Apartman Tiszaf\u00fcred\" \/>\n<meta property=\"og:description\" content=\"Tekintse meg az aktu\u00e1lis, 2024-es Dieter&#039;s Kemping \u00e9s Apartman \u00e1rait! Kedvez\u0151 \u00e1rakkal v\u00e1rjuk kedves vend\u00e9geinket Tiszaf\u00fcreden, Tisza-t\u00f3 f\u0151v\u00e1ros\u00e1ban!\" \/>\n<meta property=\"og:url\" content=\"https:\/\/campingtiszafured.hu\/hu\/arak\/\" \/>\n<meta property=\"og:site_name\" content=\"Dieter&#039;s camping\" \/>\n<meta property=\"article:publisher\" content=\"https:\/\/www.facebook.com\/Dieters-CampingApartman-1718938541689020\/\" \/>\n<meta property=\"article:modified_time\" content=\"2025-03-23T21:55:24+00:00\" \/>\n<meta property=\"og:image\" content=\"https:\/\/campingtiszafured.hu\/hu\/wp-content\/uploads\/2016\/06\/DSC_0047.jpg\" \/>\n\t<meta property=\"og:image:width\" content=\"1620\" \/>\n\t<meta property=\"og:image:height\" content=\"1080\" \/>\n\t<meta property=\"og:image:type\" content=\"image\/jpeg\" \/>\n<meta name=\"twitter:card\" content=\"summary_large_image\" \/>\n<meta name=\"twitter:label1\" content=\"Becs\u00fclt olvas\u00e1si id\u0151\" \/>\n\t<meta name=\"twitter:data1\" content=\"2 perc\" \/>\n<script type=\"application\/ld+json\" class=\"yoast-schema-graph\">{\"@context\":\"https:\/\/schema.org\",\"@graph\":[{\"@type\":\"WebPage\",\"@id\":\"https:\/\/campingtiszafured.hu\/hu\/arak\/\",\"url\":\"https:\/\/campingtiszafured.hu\/hu\/arak\/\",\"name\":\"2024-es \u00e1rak - Dieter's Camping \u00e9s Apartman Tiszaf\u00fcred\",\"isPartOf\":{\"@id\":\"https:\/\/campingtiszafured.hu\/hu\/#website\"},\"primaryImageOfPage\":{\"@id\":\"https:\/\/campingtiszafured.hu\/hu\/arak\/#primaryimage\"},\"image\":{\"@id\":\"https:\/\/campingtiszafured.hu\/hu\/arak\/#primaryimage\"},\"thumbnailUrl\":\"https:\/\/campingtiszafured.hu\/hu\/wp-content\/uploads\/2016\/06\/DSC_0047-300x200.jpg\",\"datePublished\":\"2016-06-06T19:12:40+00:00\",\"dateModified\":\"2025-03-23T21:55:24+00:00\",\"description\":\"Tekintse meg az aktu\u00e1lis, 2024-es Dieter's Kemping \u00e9s Apartman \u00e1rait! Kedvez\u0151 \u00e1rakkal v\u00e1rjuk kedves vend\u00e9geinket Tiszaf\u00fcreden, Tisza-t\u00f3 f\u0151v\u00e1ros\u00e1ban!\",\"breadcrumb\":{\"@id\":\"https:\/\/campingtiszafured.hu\/hu\/arak\/#breadcrumb\"},\"inLanguage\":\"hu\",\"potentialAction\":[{\"@type\":\"ReadAction\",\"target\":[\"https:\/\/campingtiszafured.hu\/hu\/arak\/\"]}]},{\"@type\":\"ImageObject\",\"inLanguage\":\"hu\",\"@id\":\"https:\/\/campingtiszafured.hu\/hu\/arak\/#primaryimage\",\"url\":\"https:\/\/campingtiszafured.hu\/hu\/wp-content\/uploads\/2016\/06\/DSC_0047.jpg\",\"contentUrl\":\"https:\/\/campingtiszafured.hu\/hu\/wp-content\/uploads\/2016\/06\/DSC_0047.jpg\",\"width\":1620,\"height\":1080,\"caption\":\"Dieter's Camping\"},{\"@type\":\"BreadcrumbList\",\"@id\":\"https:\/\/campingtiszafured.hu\/hu\/arak\/#breadcrumb\",\"itemListElement\":[{\"@type\":\"ListItem\",\"position\":1,\"name\":\"Home\",\"item\":\"https:\/\/campingtiszafured.hu\/hu\/\"},{\"@type\":\"ListItem\",\"position\":2,\"name\":\"\u00c1rak\"}]},{\"@type\":\"WebSite\",\"@id\":\"https:\/\/campingtiszafured.hu\/hu\/#website\",\"url\":\"https:\/\/campingtiszafured.hu\/hu\/\",\"name\":\"Dieter&#039;s camping\",\"description\":\"Camping \u00e9s apartman Tiszaf\u00fcreden\",\"potentialAction\":[{\"@type\":\"SearchAction\",\"target\":{\"@type\":\"EntryPoint\",\"urlTemplate\":\"https:\/\/campingtiszafured.hu\/hu\/?s={search_term_string}\"},\"query-input\":{\"@type\":\"PropertyValueSpecification\",\"valueRequired\":true,\"valueName\":\"search_term_string\"}}],\"inLanguage\":\"hu\"}]}<\/script>\n<!-- \/ Yoast SEO plugin. -->","yoast_head_json":{"title":"2024-es \u00e1rak - Dieter's Camping \u00e9s Apartman Tiszaf\u00fcred","description":"Tekintse meg az aktu\u00e1lis, 2024-es Dieter's Kemping \u00e9s Apartman \u00e1rait! Kedvez\u0151 \u00e1rakkal v\u00e1rjuk kedves vend\u00e9geinket Tiszaf\u00fcreden, Tisza-t\u00f3 f\u0151v\u00e1ros\u00e1ban!","robots":{"index":"index","follow":"follow","max-snippet":"max-snippet:-1","max-image-preview":"max-image-preview:large","max-video-preview":"max-video-preview:-1"},"canonical":"https:\/\/campingtiszafured.hu\/hu\/arak\/","og_locale":"hu_HU","og_type":"article","og_title":"2024-es \u00e1rak - Dieter's Camping \u00e9s Apartman Tiszaf\u00fcred","og_description":"Tekintse meg az aktu\u00e1lis, 2024-es Dieter's Kemping \u00e9s Apartman \u00e1rait! Kedvez\u0151 \u00e1rakkal v\u00e1rjuk kedves vend\u00e9geinket Tiszaf\u00fcreden, Tisza-t\u00f3 f\u0151v\u00e1ros\u00e1ban!","og_url":"https:\/\/campingtiszafured.hu\/hu\/arak\/","og_site_name":"Dieter&#039;s camping","article_publisher":"https:\/\/www.facebook.com\/Dieters-CampingApartman-1718938541689020\/","article_modified_time":"2025-03-23T21:55:24+00:00","og_image":[{"width":1620,"height":1080,"url":"https:\/\/campingtiszafured.hu\/hu\/wp-content\/uploads\/2016\/06\/DSC_0047.jpg","type":"image\/jpeg"}],"twitter_card":"summary_large_image","twitter_misc":{"Becs\u00fclt olvas\u00e1si id\u0151":"2 perc"},"schema":{"@context":"https:\/\/schema.org","@graph":[{"@type":"WebPage","@id":"https:\/\/campingtiszafured.hu\/hu\/arak\/","url":"https:\/\/campingtiszafured.hu\/hu\/arak\/","name":"2024-es \u00e1rak - Dieter's Camping \u00e9s Apartman Tiszaf\u00fcred","isPartOf":{"@id":"https:\/\/campingtiszafured.hu\/hu\/#website"},"primaryImageOfPage":{"@id":"https:\/\/campingtiszafured.hu\/hu\/arak\/#primaryimage"},"image":{"@id":"https:\/\/campingtiszafured.hu\/hu\/arak\/#primaryimage"},"thumbnailUrl":"https:\/\/campingtiszafured.hu\/hu\/wp-content\/uploads\/2016\/06\/DSC_0047-300x200.jpg","datePublished":"2016-06-06T19:12:40+00:00","dateModified":"2025-03-23T21:55:24+00:00","description":"Tekintse meg az aktu\u00e1lis, 2024-es Dieter's Kemping \u00e9s Apartman \u00e1rait! Kedvez\u0151 \u00e1rakkal v\u00e1rjuk kedves vend\u00e9geinket Tiszaf\u00fcreden, Tisza-t\u00f3 f\u0151v\u00e1ros\u00e1ban!","breadcrumb":{"@id":"https:\/\/campingtiszafured.hu\/hu\/arak\/#breadcrumb"},"inLanguage":"hu","potentialAction":[{"@type":"ReadAction","target":["https:\/\/campingtiszafured.hu\/hu\/arak\/"]}]},{"@type":"ImageObject","inLanguage":"hu","@id":"https:\/\/campingtiszafured.hu\/hu\/arak\/#primaryimage","url":"https:\/\/campingtiszafured.hu\/hu\/wp-content\/uploads\/2016\/06\/DSC_0047.jpg","contentUrl":"https:\/\/campingtiszafured.hu\/hu\/wp-content\/uploads\/2016\/06\/DSC_0047.jpg","width":1620,"height":1080,"caption":"Dieter's Camping"},{"@type":"BreadcrumbList","@id":"https:\/\/campingtiszafured.hu\/hu\/arak\/#breadcrumb","itemListElement":[{"@type":"ListItem","position":1,"name":"Home","item":"https:\/\/campingtiszafured.hu\/hu\/"},{"@type":"ListItem","position":2,"name":"\u00c1rak"}]},{"@type":"WebSite","@id":"https:\/\/campingtiszafured.hu\/hu\/#website","url":"https:\/\/campingtiszafured.hu\/hu\/","name":"Dieter&#039;s camping","description":"Camping \u00e9s apartman Tiszaf\u00fcreden","potentialAction":[{"@type":"SearchAction","target":{"@type":"EntryPoint","urlTemplate":"https:\/\/campingtiszafured.hu\/hu\/?s={search_term_string}"},"query-input":{"@type":"PropertyValueSpecification","valueRequired":true,"valueName":"search_term_string"}}],"inLanguage":"hu"}]}},"_links":{"self":[{"href":"https:\/\/campingtiszafured.hu\/hu\/wp-json\/wp\/v2\/pages\/74","targetHints":{"allow":["GET"]}}],"collection":[{"href":"https:\/\/campingtiszafured.hu\/hu\/wp-json\/wp\/v2\/pages"}],"about":[{"href":"https:\/\/campingtiszafured.hu\/hu\/wp-json\/wp\/v2\/types\/page"}],"author":[{"embeddable":true,"href":"https:\/\/campingtiszafured.hu\/hu\/wp-json\/wp\/v2\/users\/1"}],"replies":[{"embeddable":true,"href":"https:\/\/campingtiszafured.hu\/hu\/wp-json\/wp\/v2\/comments?post=74"}],"version-history":[{"count":67,"href":"https:\/\/campingtiszafured.hu\/hu\/wp-json\/wp\/v2\/pages\/74\/revisions"}],"predecessor-version":[{"id":460,"href":"https:\/\/campingtiszafured.hu\/hu\/wp-json\/wp\/v2\/pages\/74\/revisions\/460"}],"wp:attachment":[{"href":"https:\/\/campingtiszafured.hu\/hu\/wp-json\/wp\/v2\/media?parent=74"}],"curies":[{"name":"wp","href":"https:\/\/api.w.org\/{rel}","templated":true}]}}