{"id":49,"date":"2016-05-27T20:43:11","date_gmt":"2016-05-27T18:43:11","guid":{"rendered":"https:\/\/campingtiszafured.hu\/hu\/?page_id=49"},"modified":"2020-08-11T06:45:05","modified_gmt":"2020-08-11T04:45:05","slug":"apartman","status":"publish","type":"page","link":"https:\/\/campingtiszafured.hu\/hu\/apartman\/","title":{"rendered":"Apartman"},"content":{"rendered":"<h2>Apartman<\/h2>\n<p>A\u00a0k\u00e9tszob\u00e1s apartmanok 2-4 f\u0151 elhelyez\u00e9s\u00e9re alkalmasak, sz\u00ednes telev\u00edzi\u00f3val, konyh\u00e1val \u00e9s f\u00fcrd\u0151szob\u00e1val rendelkeznek. A konyha felszerelt ,vend\u00e9geink r\u00e9sz\u00e9re az \u00e1gynem\u0171t \u00e9s bels\u0151 haszn\u00e1latra a t\u00f6r\u00f6lk\u00f6z\u0151ket biztos\u00edtjuk. A strandt\u00f6r\u00f6lk\u00f6z\u0151t vend\u00e9geinknek kell magukkal hozniuk.<\/p>\n<p><strong>A m\u00e9g komfortosabb pihen\u00e9s \u00e9rdek\u00e9ben minden apartmanunkban kl\u00edma is tal\u00e1lhat\u00f3.<\/strong><\/p>\n<p>Vend\u00e9geink r\u00e9sz\u00e9re az \u00fasz\u00f3medence haszn\u00e1lata ingyenes.<\/p>\n<p>Parkol\u00e1si lehet\u0151s\u00e9g az udvaron biztos\u00edtott.<\/p>\n<p>Keresse a Dieter&#8217;s Camping \u00e9s Apartmant Tiszaf\u00fcreden!<\/p>\n<p><a href=\"https:\/\/campingtiszafured.hu\/hu\/wp-content\/uploads\/2016\/05\/DSC_0065.jpg\" data-rel=\"lightbox-gallery-x7zJrkWz\" data-rl_title=\"\" data-rl_caption=\"\" title=\"\"><img fetchpriority=\"high\" decoding=\"async\" class=\"alignnone wp-image-50 size-medium\" src=\"https:\/\/campingtiszafured.hu\/hu\/wp-content\/uploads\/2016\/05\/DSC_0065-300x200.jpg\" alt=\"apartman\" width=\"300\" height=\"200\" srcset=\"https:\/\/campingtiszafured.hu\/hu\/wp-content\/uploads\/2016\/05\/DSC_0065-300x200.jpg 300w, https:\/\/campingtiszafured.hu\/hu\/wp-content\/uploads\/2016\/05\/DSC_0065-768x512.jpg 768w, https:\/\/campingtiszafured.hu\/hu\/wp-content\/uploads\/2016\/05\/DSC_0065-1024x683.jpg 1024w, https:\/\/campingtiszafured.hu\/hu\/wp-content\/uploads\/2016\/05\/DSC_0065.jpg 1620w\" sizes=\"(max-width: 300px) 100vw, 300px\" \/><\/a> <a href=\"https:\/\/campingtiszafured.hu\/hu\/wp-content\/uploads\/2016\/05\/DSC_0066.jpg\" data-rel=\"lightbox-gallery-x7zJrkWz\" data-rl_title=\"\" data-rl_caption=\"\" title=\"\"><img decoding=\"async\" class=\"alignnone wp-image-51 size-medium\" src=\"https:\/\/campingtiszafured.hu\/hu\/wp-content\/uploads\/2016\/05\/DSC_0066-300x200.jpg\" alt=\"apartman\" width=\"300\" height=\"200\" srcset=\"https:\/\/campingtiszafured.hu\/hu\/wp-content\/uploads\/2016\/05\/DSC_0066-300x200.jpg 300w, https:\/\/campingtiszafured.hu\/hu\/wp-content\/uploads\/2016\/05\/DSC_0066-768x512.jpg 768w, https:\/\/campingtiszafured.hu\/hu\/wp-content\/uploads\/2016\/05\/DSC_0066-1024x683.jpg 1024w, https:\/\/campingtiszafured.hu\/hu\/wp-content\/uploads\/2016\/05\/DSC_0066.jpg 1620w\" sizes=\"(max-width: 300px) 100vw, 300px\" \/><\/a> <a href=\"https:\/\/campingtiszafured.hu\/hu\/wp-content\/uploads\/2016\/05\/DSC_0067.jpg\" data-rel=\"lightbox-gallery-x7zJrkWz\" data-rl_title=\"\" data-rl_caption=\"\" title=\"\"><img decoding=\"async\" class=\"alignnone wp-image-52 size-medium\" src=\"https:\/\/campingtiszafured.hu\/hu\/wp-content\/uploads\/2016\/05\/DSC_0067-300x200.jpg\" alt=\"apartman\" width=\"300\" height=\"200\" srcset=\"https:\/\/campingtiszafured.hu\/hu\/wp-content\/uploads\/2016\/05\/DSC_0067-300x200.jpg 300w, https:\/\/campingtiszafured.hu\/hu\/wp-content\/uploads\/2016\/05\/DSC_0067-768x512.jpg 768w, https:\/\/campingtiszafured.hu\/hu\/wp-content\/uploads\/2016\/05\/DSC_0067-1024x683.jpg 1024w, https:\/\/campingtiszafured.hu\/hu\/wp-content\/uploads\/2016\/05\/DSC_0067.jpg 1620w\" sizes=\"(max-width: 300px) 100vw, 300px\" \/><\/a> <a href=\"https:\/\/campingtiszafured.hu\/hu\/wp-content\/uploads\/2016\/05\/DSC_0068.jpg\" data-rel=\"lightbox-gallery-x7zJrkWz\" data-rl_title=\"\" data-rl_caption=\"\" title=\"\"><img loading=\"lazy\" decoding=\"async\" class=\"alignnone wp-image-53 size-medium\" src=\"https:\/\/campingtiszafured.hu\/hu\/wp-content\/uploads\/2016\/05\/DSC_0068-300x200.jpg\" alt=\"apartman\" width=\"300\" height=\"200\" srcset=\"https:\/\/campingtiszafured.hu\/hu\/wp-content\/uploads\/2016\/05\/DSC_0068-300x200.jpg 300w, https:\/\/campingtiszafured.hu\/hu\/wp-content\/uploads\/2016\/05\/DSC_0068-768x512.jpg 768w, https:\/\/campingtiszafured.hu\/hu\/wp-content\/uploads\/2016\/05\/DSC_0068-1024x683.jpg 1024w, https:\/\/campingtiszafured.hu\/hu\/wp-content\/uploads\/2016\/05\/DSC_0068.jpg 1620w\" sizes=\"(max-width: 300px) 100vw, 300px\" \/><\/a><\/p>\n","protected":false},"excerpt":{"rendered":"<p>Apartman A\u00a0k\u00e9tszob\u00e1s apartmanok 2-4 f\u0151 elhelyez\u00e9s\u00e9re alkalmasak, sz\u00ednes telev\u00edzi\u00f3val, konyh\u00e1val \u00e9s f\u00fcrd\u0151szob\u00e1val rendelkeznek. A konyha felszerelt ,vend\u00e9geink r\u00e9sz\u00e9re az \u00e1gynem\u0171t \u00e9s bels\u0151 haszn\u00e1latra a t\u00f6r\u00f6lk\u00f6z\u0151ket biztos\u00edtjuk. A strandt\u00f6r\u00f6lk\u00f6z\u0151t vend\u00e9geinknek kell magukkal hozniuk. A m\u00e9g komfortosabb pihen\u00e9s \u00e9rdek\u00e9ben minden apartmanunkban kl\u00edma is tal\u00e1lhat\u00f3. Vend\u00e9geink r\u00e9sz\u00e9re az \u00fasz\u00f3medence haszn\u00e1lata ingyenes. Parkol\u00e1si lehet\u0151s\u00e9g az udvaron biztos\u00edtott. Keresse a [&hellip;]<\/p>\n","protected":false},"author":1,"featured_media":0,"parent":0,"menu_order":0,"comment_status":"closed","ping_status":"closed","template":"","meta":{"footnotes":""},"class_list":["post-49","page","type-page","status-publish","hentry"],"yoast_head":"<!-- This site is optimized with the Yoast SEO plugin v24.7 - https:\/\/yoast.com\/wordpress\/plugins\/seo\/ -->\n<title>Apartman - Dieter&#039;s Camping \u00e9s Apartman Tiszaf\u00fcred<\/title>\n<meta name=\"description\" content=\"A tiszaf\u00fcredi Dieter&#039;s Camping \u00e9s Apartman 2 \u00e9s 3 szob\u00e1s apartmannokkal v\u00e1rja kedves vend\u00e9geit, melyek 2-4 f\u0151 elhelyez\u00e9s\u00e9re alkalmasak apartmanonk\u00e9nt.\" \/>\n<meta name=\"robots\" content=\"index, follow, max-snippet:-1, max-image-preview:large, max-video-preview:-1\" \/>\n<link rel=\"canonical\" href=\"https:\/\/campingtiszafured.hu\/hu\/apartman\/\" \/>\n<meta property=\"og:locale\" content=\"hu_HU\" \/>\n<meta property=\"og:type\" content=\"article\" \/>\n<meta property=\"og:title\" content=\"Apartman - Dieter&#039;s Camping \u00e9s Apartman Tiszaf\u00fcred\" \/>\n<meta property=\"og:description\" content=\"A tiszaf\u00fcredi Dieter&#039;s Camping \u00e9s Apartman 2 \u00e9s 3 szob\u00e1s apartmannokkal v\u00e1rja kedves vend\u00e9geit, melyek 2-4 f\u0151 elhelyez\u00e9s\u00e9re alkalmasak apartmanonk\u00e9nt.\" \/>\n<meta property=\"og:url\" content=\"https:\/\/campingtiszafured.hu\/hu\/apartman\/\" \/>\n<meta property=\"og:site_name\" content=\"Dieter&#039;s camping\" \/>\n<meta property=\"article:publisher\" content=\"https:\/\/www.facebook.com\/Dieters-CampingApartman-1718938541689020\/\" \/>\n<meta property=\"article:modified_time\" content=\"2020-08-11T04:45:05+00:00\" \/>\n<meta property=\"og:image\" content=\"https:\/\/campingtiszafured.hu\/hu\/wp-content\/uploads\/2016\/05\/DSC_0065-300x200.jpg\" \/>\n<meta name=\"twitter:card\" content=\"summary_large_image\" \/>\n<meta name=\"twitter:label1\" content=\"Becs\u00fclt olvas\u00e1si id\u0151\" \/>\n\t<meta name=\"twitter:data1\" content=\"1 perc\" \/>\n<script type=\"application\/ld+json\" class=\"yoast-schema-graph\">{\"@context\":\"https:\/\/schema.org\",\"@graph\":[{\"@type\":\"WebPage\",\"@id\":\"https:\/\/campingtiszafured.hu\/hu\/apartman\/\",\"url\":\"https:\/\/campingtiszafured.hu\/hu\/apartman\/\",\"name\":\"Apartman - Dieter's Camping \u00e9s Apartman Tiszaf\u00fcred\",\"isPartOf\":{\"@id\":\"https:\/\/campingtiszafured.hu\/hu\/#website\"},\"primaryImageOfPage\":{\"@id\":\"https:\/\/campingtiszafured.hu\/hu\/apartman\/#primaryimage\"},\"image\":{\"@id\":\"https:\/\/campingtiszafured.hu\/hu\/apartman\/#primaryimage\"},\"thumbnailUrl\":\"https:\/\/campingtiszafured.hu\/hu\/wp-content\/uploads\/2016\/05\/DSC_0065-300x200.jpg\",\"datePublished\":\"2016-05-27T18:43:11+00:00\",\"dateModified\":\"2020-08-11T04:45:05+00:00\",\"description\":\"A tiszaf\u00fcredi Dieter's Camping \u00e9s Apartman 2 \u00e9s 3 szob\u00e1s apartmannokkal v\u00e1rja kedves vend\u00e9geit, melyek 2-4 f\u0151 elhelyez\u00e9s\u00e9re alkalmasak apartmanonk\u00e9nt.\",\"breadcrumb\":{\"@id\":\"https:\/\/campingtiszafured.hu\/hu\/apartman\/#breadcrumb\"},\"inLanguage\":\"hu\",\"potentialAction\":[{\"@type\":\"ReadAction\",\"target\":[\"https:\/\/campingtiszafured.hu\/hu\/apartman\/\"]}]},{\"@type\":\"ImageObject\",\"inLanguage\":\"hu\",\"@id\":\"https:\/\/campingtiszafured.hu\/hu\/apartman\/#primaryimage\",\"url\":\"https:\/\/campingtiszafured.hu\/hu\/wp-content\/uploads\/2016\/05\/DSC_0065.jpg\",\"contentUrl\":\"https:\/\/campingtiszafured.hu\/hu\/wp-content\/uploads\/2016\/05\/DSC_0065.jpg\",\"width\":1620,\"height\":1080},{\"@type\":\"BreadcrumbList\",\"@id\":\"https:\/\/campingtiszafured.hu\/hu\/apartman\/#breadcrumb\",\"itemListElement\":[{\"@type\":\"ListItem\",\"position\":1,\"name\":\"Home\",\"item\":\"https:\/\/campingtiszafured.hu\/hu\/\"},{\"@type\":\"ListItem\",\"position\":2,\"name\":\"Apartman\"}]},{\"@type\":\"WebSite\",\"@id\":\"https:\/\/campingtiszafured.hu\/hu\/#website\",\"url\":\"https:\/\/campingtiszafured.hu\/hu\/\",\"name\":\"Dieter&#039;s camping\",\"description\":\"Camping \u00e9s apartman Tiszaf\u00fcreden\",\"potentialAction\":[{\"@type\":\"SearchAction\",\"target\":{\"@type\":\"EntryPoint\",\"urlTemplate\":\"https:\/\/campingtiszafured.hu\/hu\/?s={search_term_string}\"},\"query-input\":{\"@type\":\"PropertyValueSpecification\",\"valueRequired\":true,\"valueName\":\"search_term_string\"}}],\"inLanguage\":\"hu\"}]}<\/script>\n<!-- \/ Yoast SEO plugin. -->","yoast_head_json":{"title":"Apartman - Dieter's Camping \u00e9s Apartman Tiszaf\u00fcred","description":"A tiszaf\u00fcredi Dieter's Camping \u00e9s Apartman 2 \u00e9s 3 szob\u00e1s apartmannokkal v\u00e1rja kedves vend\u00e9geit, melyek 2-4 f\u0151 elhelyez\u00e9s\u00e9re alkalmasak apartmanonk\u00e9nt.","robots":{"index":"index","follow":"follow","max-snippet":"max-snippet:-1","max-image-preview":"max-image-preview:large","max-video-preview":"max-video-preview:-1"},"canonical":"https:\/\/campingtiszafured.hu\/hu\/apartman\/","og_locale":"hu_HU","og_type":"article","og_title":"Apartman - Dieter's Camping \u00e9s Apartman Tiszaf\u00fcred","og_description":"A tiszaf\u00fcredi Dieter's Camping \u00e9s Apartman 2 \u00e9s 3 szob\u00e1s apartmannokkal v\u00e1rja kedves vend\u00e9geit, melyek 2-4 f\u0151 elhelyez\u00e9s\u00e9re alkalmasak apartmanonk\u00e9nt.","og_url":"https:\/\/campingtiszafured.hu\/hu\/apartman\/","og_site_name":"Dieter&#039;s camping","article_publisher":"https:\/\/www.facebook.com\/Dieters-CampingApartman-1718938541689020\/","article_modified_time":"2020-08-11T04:45:05+00:00","og_image":[{"url":"https:\/\/campingtiszafured.hu\/hu\/wp-content\/uploads\/2016\/05\/DSC_0065-300x200.jpg","type":"","width":"","height":""}],"twitter_card":"summary_large_image","twitter_misc":{"Becs\u00fclt olvas\u00e1si id\u0151":"1 perc"},"schema":{"@context":"https:\/\/schema.org","@graph":[{"@type":"WebPage","@id":"https:\/\/campingtiszafured.hu\/hu\/apartman\/","url":"https:\/\/campingtiszafured.hu\/hu\/apartman\/","name":"Apartman - Dieter's Camping \u00e9s Apartman Tiszaf\u00fcred","isPartOf":{"@id":"https:\/\/campingtiszafured.hu\/hu\/#website"},"primaryImageOfPage":{"@id":"https:\/\/campingtiszafured.hu\/hu\/apartman\/#primaryimage"},"image":{"@id":"https:\/\/campingtiszafured.hu\/hu\/apartman\/#primaryimage"},"thumbnailUrl":"https:\/\/campingtiszafured.hu\/hu\/wp-content\/uploads\/2016\/05\/DSC_0065-300x200.jpg","datePublished":"2016-05-27T18:43:11+00:00","dateModified":"2020-08-11T04:45:05+00:00","description":"A tiszaf\u00fcredi Dieter's Camping \u00e9s Apartman 2 \u00e9s 3 szob\u00e1s apartmannokkal v\u00e1rja kedves vend\u00e9geit, melyek 2-4 f\u0151 elhelyez\u00e9s\u00e9re alkalmasak apartmanonk\u00e9nt.","breadcrumb":{"@id":"https:\/\/campingtiszafured.hu\/hu\/apartman\/#breadcrumb"},"inLanguage":"hu","potentialAction":[{"@type":"ReadAction","target":["https:\/\/campingtiszafured.hu\/hu\/apartman\/"]}]},{"@type":"ImageObject","inLanguage":"hu","@id":"https:\/\/campingtiszafured.hu\/hu\/apartman\/#primaryimage","url":"https:\/\/campingtiszafured.hu\/hu\/wp-content\/uploads\/2016\/05\/DSC_0065.jpg","contentUrl":"https:\/\/campingtiszafured.hu\/hu\/wp-content\/uploads\/2016\/05\/DSC_0065.jpg","width":1620,"height":1080},{"@type":"BreadcrumbList","@id":"https:\/\/campingtiszafured.hu\/hu\/apartman\/#breadcrumb","itemListElement":[{"@type":"ListItem","position":1,"name":"Home","item":"https:\/\/campingtiszafured.hu\/hu\/"},{"@type":"ListItem","position":2,"name":"Apartman"}]},{"@type":"WebSite","@id":"https:\/\/campingtiszafured.hu\/hu\/#website","url":"https:\/\/campingtiszafured.hu\/hu\/","name":"Dieter&#039;s camping","description":"Camping \u00e9s apartman Tiszaf\u00fcreden","potentialAction":[{"@type":"SearchAction","target":{"@type":"EntryPoint","urlTemplate":"https:\/\/campingtiszafured.hu\/hu\/?s={search_term_string}"},"query-input":{"@type":"PropertyValueSpecification","valueRequired":true,"valueName":"search_term_string"}}],"inLanguage":"hu"}]}},"_links":{"self":[{"href":"https:\/\/campingtiszafured.hu\/hu\/wp-json\/wp\/v2\/pages\/49","targetHints":{"allow":["GET"]}}],"collection":[{"href":"https:\/\/campingtiszafured.hu\/hu\/wp-json\/wp\/v2\/pages"}],"about":[{"href":"https:\/\/campingtiszafured.hu\/hu\/wp-json\/wp\/v2\/types\/page"}],"author":[{"embeddable":true,"href":"https:\/\/campingtiszafured.hu\/hu\/wp-json\/wp\/v2\/users\/1"}],"replies":[{"embeddable":true,"href":"https:\/\/campingtiszafured.hu\/hu\/wp-json\/wp\/v2\/comments?post=49"}],"version-history":[{"count":9,"href":"https:\/\/campingtiszafured.hu\/hu\/wp-json\/wp\/v2\/pages\/49\/revisions"}],"predecessor-version":[{"id":354,"href":"https:\/\/campingtiszafured.hu\/hu\/wp-json\/wp\/v2\/pages\/49\/revisions\/354"}],"wp:attachment":[{"href":"https:\/\/campingtiszafured.hu\/hu\/wp-json\/wp\/v2\/media?parent=49"}],"curies":[{"name":"wp","href":"https:\/\/api.w.org\/{rel}","templated":true}]}}