{"id":406,"date":"2022-05-15T20:32:55","date_gmt":"2022-05-15T18:32:55","guid":{"rendered":"https:\/\/campingtiszafured.hu\/hu\/?page_id=406"},"modified":"2022-05-17T07:50:37","modified_gmt":"2022-05-17T05:50:37","slug":"programok","status":"publish","type":"page","link":"https:\/\/campingtiszafured.hu\/hu\/programok\/","title":{"rendered":"Programok"},"content":{"rendered":"\t\t<div data-elementor-type=\"wp-page\" data-elementor-id=\"406\" class=\"elementor elementor-406\">\n\t\t\t\t\t\t<section data-particle_enable=\"false\" data-particle-mobile-disabled=\"false\" class=\"elementor-section elementor-top-section elementor-element elementor-element-73eba72 elementor-section-boxed elementor-section-height-default elementor-section-height-default\" data-id=\"73eba72\" data-element_type=\"section\">\n\t\t\t\t\t\t<div class=\"elementor-container elementor-column-gap-default\">\n\t\t\t\t\t<div class=\"elementor-column elementor-col-100 elementor-top-column elementor-element elementor-element-c9e02bd\" data-id=\"c9e02bd\" data-element_type=\"column\">\n\t\t\t<div class=\"elementor-widget-wrap elementor-element-populated\">\n\t\t\t\t\t\t<div class=\"elementor-element elementor-element-f0d7fdb elementor-widget elementor-widget-text-editor\" data-id=\"f0d7fdb\" data-element_type=\"widget\" data-widget_type=\"text-editor.default\">\n\t\t\t\t<div class=\"elementor-widget-container\">\n\t\t\t\t\t\t\t\t\t<p>A sz\u00e1ll\u00e1shely biztos\u00edt\u00e1sa mellett igyeksz\u00fcnk min\u00e9l sz\u00e9lesebb k\u00f6r\u0171 programokat k\u00edn\u00e1lni a kedves vend\u00e9geinknek. Szervezett programjaink a Tisza-t\u00f3n\u00e1l \u00e9s azon t\u00fal is ny\u00falnak: k\u00f6z\u00f6s kir\u00e1ndul\u00e1sainkkal betekint\u00e9st ny\u00fajtunk az Alf\u00f6ld, a Puszta \u00e9l\u0151vil\u00e1g\u00e1ba, de megk\u00f3stolhatjuk a legkiv\u00e1l\u00f3bb borokat a k\u00f6zeli egri borvid\u00e9ken is.<\/p><p>A kempingen bel\u00fcl pedig rendszeresen szervez\u00fcnk esti \u00f6sszej\u00f6veteleket. B\u00e1tran aj\u00e1nljuk a n\u00e9pszer\u0171 guly\u00e1spartit, ahol ak\u00e1r \u00e9l\u0151 zene \u00e9s j\u00f3 t\u00e1rsas\u00e1g k\u00eds\u00e9ret\u00e9ben fogyasztjuk el k\u00f6z\u00f6sen a friss guly\u00e1st.<\/p><p>Sz\u00e1mtalan lehet\u0151s\u00e9get, programot biztos\u00edt a Tisza-t\u00f3 \u00e9s k\u00f6rny\u00e9ke, \u00edgy b\u00e1tran \u00edrjon nek\u00fcnk \u00e9s seg\u00edt\u00fcnk a megszervez\u00e9sben! \ud83d\ude42<\/p>\t\t\t\t\t\t\t\t<\/div>\n\t\t\t\t<\/div>\n\t\t\t\t\t<\/div>\n\t\t<\/div>\n\t\t\t\t\t<\/div>\n\t\t<\/section>\n\t\t\t\t<section data-particle_enable=\"false\" data-particle-mobile-disabled=\"false\" class=\"elementor-section elementor-top-section elementor-element elementor-element-755bfd3 elementor-section-boxed elementor-section-height-default elementor-section-height-default\" data-id=\"755bfd3\" data-element_type=\"section\">\n\t\t\t\t\t\t<div class=\"elementor-container elementor-column-gap-default\">\n\t\t\t\t\t<div class=\"elementor-column elementor-col-100 elementor-top-column elementor-element elementor-element-b33ba1c\" data-id=\"b33ba1c\" data-element_type=\"column\">\n\t\t\t<div class=\"elementor-widget-wrap elementor-element-populated\">\n\t\t\t\t\t\t<div class=\"elementor-element elementor-element-310a003 elementor-widget elementor-widget-heading\" data-id=\"310a003\" data-element_type=\"widget\" data-widget_type=\"heading.default\">\n\t\t\t\t<div class=\"elementor-widget-container\">\n\t\t\t\t\t<h3 class=\"elementor-heading-title elementor-size-default\">Szervezett programok a Tisza-t\u00f3n\u00e1l \u00e9s k\u00f6rny\u00e9k\u00e9n<\/h3>\t\t\t\t<\/div>\n\t\t\t\t<\/div>\n\t\t\t\t\t<\/div>\n\t\t<\/div>\n\t\t\t\t\t<\/div>\n\t\t<\/section>\n\t\t\t\t<section data-particle_enable=\"false\" data-particle-mobile-disabled=\"false\" class=\"elementor-section elementor-top-section elementor-element elementor-element-5ee2a5b elementor-section-boxed elementor-section-height-default elementor-section-height-default\" data-id=\"5ee2a5b\" data-element_type=\"section\">\n\t\t\t\t\t\t<div class=\"elementor-container elementor-column-gap-default\">\n\t\t\t\t\t<div class=\"elementor-column elementor-col-50 elementor-top-column elementor-element elementor-element-d26b7de\" data-id=\"d26b7de\" data-element_type=\"column\">\n\t\t\t<div class=\"elementor-widget-wrap elementor-element-populated\">\n\t\t\t\t\t\t<div class=\"elementor-element elementor-element-003f6d8 elementor-invisible elementor-widget elementor-widget-eael-interactive-promo\" data-id=\"003f6d8\" data-element_type=\"widget\" data-settings=\"{&quot;_animation&quot;:&quot;fadeInLeft&quot;}\" data-widget_type=\"eael-interactive-promo.default\">\n\t\t\t\t<div class=\"elementor-widget-container\">\n\t\t\t\t\t\t\t<div id=\"eael-promo-003f6d8\" class=\"eael-interactive-promo\">\n\t\t\t<figure class=\"effect-milo\">\n\t\t\t\t<img decoding=\"async\" alt=\"tisza-to-csonaktura\" src=\"https:\/\/campingtiszafured.hu\/hu\/wp-content\/uploads\/2022\/05\/277317063_380517910357413_7162117603515969927_n.jpg\">\t\t\t\t<figcaption>\n\t\t\t\t\t<div>\n\t\t\t\t\t\t\t\t\t\t\t\t\t<h2>Tisza-tavi cs\u00f3nakt\u00fara<\/h2>\n\t\t\t\t\t\t\n\t\t\t\t\t\t<p><p>Ismerje meg a Tisza-t\u00f3 csod\u00e1latos \u00e9l\u0151vil\u00e1g\u00e1t!<\/p><\/p>\n\t\t\t\t\t<\/div>\n\t\t\t\t\t                        <a aria-label=\"Tisza-tavi cs\u00f3nakt\u00fara\" href=\"#\"><\/a>\n\t\t\t\t\t\t\t\t\t<\/figcaption>\n\t\t\t<\/figure>\n\t\t<\/div>\n\t\t\t\t\t\t<\/div>\n\t\t\t\t<\/div>\n\t\t\t\t\t<\/div>\n\t\t<\/div>\n\t\t\t\t<div class=\"elementor-column elementor-col-50 elementor-top-column elementor-element elementor-element-cb5196f\" data-id=\"cb5196f\" data-element_type=\"column\">\n\t\t\t<div class=\"elementor-widget-wrap elementor-element-populated\">\n\t\t\t\t\t\t<div class=\"elementor-element elementor-element-d17c7bc elementor-invisible elementor-widget elementor-widget-eael-interactive-promo\" data-id=\"d17c7bc\" data-element_type=\"widget\" data-settings=\"{&quot;_animation&quot;:&quot;fadeInRight&quot;}\" data-widget_type=\"eael-interactive-promo.default\">\n\t\t\t\t<div class=\"elementor-widget-container\">\n\t\t\t\t\t\t\t<div id=\"eael-promo-d17c7bc\" class=\"eael-interactive-promo\">\n\t\t\t<figure class=\"effect-milo\">\n\t\t\t\t<img decoding=\"async\" alt=\"hortobagyi kirandulas\" src=\"https:\/\/campingtiszafured.hu\/hu\/wp-content\/uploads\/2022\/05\/277334293_531569608392371_4195469585485916958_n.jpg\">\t\t\t\t<figcaption>\n\t\t\t\t\t<div>\n\t\t\t\t\t\t\t\t\t\t\t\t\t<h2>Kir\u00e1ndul\u00e1s Hortob\u00e1gyra<\/h2>\n\t\t\t\t\t\t\n\t\t\t\t\t\t<p><p>Fedezz\u00fck fel k\u00f6z\u00f6sen a puszt\u00e1t<\/p><\/p>\n\t\t\t\t\t<\/div>\n\t\t\t\t\t                        <a aria-label=\"Kir\u00e1ndul\u00e1s Hortob\u00e1gyra\" href=\"#\"><\/a>\n\t\t\t\t\t\t\t\t\t<\/figcaption>\n\t\t\t<\/figure>\n\t\t<\/div>\n\t\t\t\t\t\t<\/div>\n\t\t\t\t<\/div>\n\t\t\t\t\t<\/div>\n\t\t<\/div>\n\t\t\t\t\t<\/div>\n\t\t<\/section>\n\t\t\t\t<section data-particle_enable=\"false\" data-particle-mobile-disabled=\"false\" class=\"elementor-section elementor-top-section elementor-element elementor-element-5c0caf0 elementor-section-boxed elementor-section-height-default elementor-section-height-default\" data-id=\"5c0caf0\" data-element_type=\"section\">\n\t\t\t\t\t\t<div class=\"elementor-container elementor-column-gap-default\">\n\t\t\t\t\t<div class=\"elementor-column elementor-col-50 elementor-top-column elementor-element elementor-element-892264d\" data-id=\"892264d\" data-element_type=\"column\">\n\t\t\t<div class=\"elementor-widget-wrap elementor-element-populated\">\n\t\t\t\t\t\t<div class=\"elementor-element elementor-element-6765d36 elementor-invisible elementor-widget elementor-widget-eael-interactive-promo\" data-id=\"6765d36\" data-element_type=\"widget\" data-settings=\"{&quot;_animation&quot;:&quot;fadeInLeft&quot;}\" data-widget_type=\"eael-interactive-promo.default\">\n\t\t\t\t<div class=\"elementor-widget-container\">\n\t\t\t\t\t\t\t<div id=\"eael-promo-6765d36\" class=\"eael-interactive-promo\">\n\t\t\t<figure class=\"effect-milo\">\n\t\t\t\t<img decoding=\"async\" alt=\"borkostolo bogacs\" src=\"https:\/\/campingtiszafured.hu\/hu\/wp-content\/uploads\/2022\/05\/277362646_501790654986034_8834218644117218049_n.jpg\">\t\t\t\t<figcaption>\n\t\t\t\t\t<div>\n\t\t\t\t\t\t\t\t\t\t\t\t\t<h2>Bork\u00f3stol\u00f3 Bog\u00e1cson<\/h2>\n\t\t\t\t\t\t\n\t\t\t\t\t\t<p><p>Apr\u00f3 pinc\u00e9szetek hatalmas borai. K\u00f3stoljuk meg k\u00f6z\u00f6sen!<\/p><\/p>\n\t\t\t\t\t<\/div>\n\t\t\t\t\t                        <a aria-label=\"Bork\u00f3stol\u00f3 Bog\u00e1cson\" href=\"#\"><\/a>\n\t\t\t\t\t\t\t\t\t<\/figcaption>\n\t\t\t<\/figure>\n\t\t<\/div>\n\t\t\t\t\t\t<\/div>\n\t\t\t\t<\/div>\n\t\t\t\t\t<\/div>\n\t\t<\/div>\n\t\t\t\t<div class=\"elementor-column elementor-col-50 elementor-top-column elementor-element elementor-element-29f5a78\" data-id=\"29f5a78\" data-element_type=\"column\">\n\t\t\t<div class=\"elementor-widget-wrap elementor-element-populated\">\n\t\t\t\t\t\t<div class=\"elementor-element elementor-element-5018583 elementor-invisible elementor-widget elementor-widget-eael-interactive-promo\" data-id=\"5018583\" data-element_type=\"widget\" data-settings=\"{&quot;_animation&quot;:&quot;fadeInRight&quot;}\" data-widget_type=\"eael-interactive-promo.default\">\n\t\t\t\t<div class=\"elementor-widget-container\">\n\t\t\t\t\t\t\t<div id=\"eael-promo-5018583\" class=\"eael-interactive-promo\">\n\t\t\t<figure class=\"effect-milo\">\n\t\t\t\t<img decoding=\"async\" alt=\"csillagtura a tisza tavon\" src=\"https:\/\/campingtiszafured.hu\/hu\/wp-content\/uploads\/2022\/05\/the-atacama-desert-g2291fba94_1920-e1652735785661.jpg\">\t\t\t\t<figcaption>\n\t\t\t\t\t<div>\n\t\t\t\t\t\t\t\t\t\t\t\t\t<h2>Csillagt\u00fara a Tisza tavon<\/h2>\n\t\t\t\t\t\t\n\t\t\t\t\t\t<p><p>A csillaghull\u00e1s gy\u00f6ny\u00f6r\u0171. A Tisz\u00e1r\u00f3l n\u00e9zve? Le\u00edrhatatlan \u00e9lm\u00e9ny!\u00a0<\/p><\/p>\n\t\t\t\t\t<\/div>\n\t\t\t\t\t                        <a aria-label=\"Csillagt\u00fara a Tisza tavon\" href=\"#\"><\/a>\n\t\t\t\t\t\t\t\t\t<\/figcaption>\n\t\t\t<\/figure>\n\t\t<\/div>\n\t\t\t\t\t\t<\/div>\n\t\t\t\t<\/div>\n\t\t\t\t\t<\/div>\n\t\t<\/div>\n\t\t\t\t\t<\/div>\n\t\t<\/section>\n\t\t\t\t<section data-particle_enable=\"false\" data-particle-mobile-disabled=\"false\" class=\"elementor-section elementor-top-section elementor-element elementor-element-d3e4c84 elementor-section-boxed elementor-section-height-default elementor-section-height-default\" data-id=\"d3e4c84\" data-element_type=\"section\">\n\t\t\t\t\t\t<div class=\"elementor-container elementor-column-gap-default\">\n\t\t\t\t\t<div class=\"elementor-column elementor-col-50 elementor-top-column elementor-element elementor-element-17e49b5\" data-id=\"17e49b5\" data-element_type=\"column\">\n\t\t\t<div class=\"elementor-widget-wrap elementor-element-populated\">\n\t\t\t\t\t\t<div class=\"elementor-element elementor-element-fb45f67 elementor-widget elementor-widget-eael-interactive-promo\" data-id=\"fb45f67\" data-element_type=\"widget\" data-widget_type=\"eael-interactive-promo.default\">\n\t\t\t\t<div class=\"elementor-widget-container\">\n\t\t\t\t\t\t\t<div id=\"eael-promo-fb45f67\" class=\"eael-interactive-promo\">\n\t\t\t<figure class=\"effect-milo\">\n\t\t\t\t<img decoding=\"async\" alt=\"kirandulas egerbe\" src=\"https:\/\/campingtiszafured.hu\/hu\/wp-content\/uploads\/2022\/05\/277404515_488608816289527_3418506761531664701_n.jpg\">\t\t\t\t<figcaption>\n\t\t\t\t\t<div>\n\t\t\t\t\t\t\t\t\t\t\t\t\t<h2>Fedezz\u00fck fel Egert<\/h2>\n\t\t\t\t\t\t\n\t\t\t\t\t\t<p><p>Szervezetten tudjuk megtekinteni a t\u00f6rt\u00e9nelmi Eger v\u00e1rost \u00e9s k\u00f6rny\u00e9k\u00e9t<\/p><\/p>\n\t\t\t\t\t<\/div>\n\t\t\t\t\t                        <a aria-label=\"Fedezz\u00fck fel Egert\" href=\"#\"><\/a>\n\t\t\t\t\t\t\t\t\t<\/figcaption>\n\t\t\t<\/figure>\n\t\t<\/div>\n\t\t\t\t\t\t<\/div>\n\t\t\t\t<\/div>\n\t\t\t\t\t<\/div>\n\t\t<\/div>\n\t\t\t\t<div class=\"elementor-column elementor-col-50 elementor-top-column elementor-element elementor-element-de97b06\" data-id=\"de97b06\" data-element_type=\"column\">\n\t\t\t<div class=\"elementor-widget-wrap elementor-element-populated\">\n\t\t\t\t\t\t<div class=\"elementor-element elementor-element-eb653f9 elementor-widget elementor-widget-eael-interactive-promo\" data-id=\"eb653f9\" data-element_type=\"widget\" data-widget_type=\"eael-interactive-promo.default\">\n\t\t\t\t<div class=\"elementor-widget-container\">\n\t\t\t\t\t\t\t<div id=\"eael-promo-eb653f9\" class=\"eael-interactive-promo\">\n\t\t\t<figure class=\"effect-milo\">\n\t\t\t\t<img decoding=\"async\" alt=\"gulyasparti\" src=\"https:\/\/campingtiszafured.hu\/hu\/wp-content\/uploads\/2022\/05\/277338472_567053624404101_7350514421567572550_n.jpg\">\t\t\t\t<figcaption>\n\t\t\t\t\t<div>\n\t\t\t\t\t\t\t\t\t\t\t\t\t<h2>Guly\u00e1sparti a kempingben<\/h2>\n\t\t\t\t\t\t\n\t\t\t\t\t\t<p><p>Fogyasszuk el k\u00f6z\u00f6sen a bogr\u00e1csguly\u00e1st, ak\u00e1r \u00e9l\u0151 zene k\u00eds\u00e9ret\u00e9ben<\/p><\/p>\n\t\t\t\t\t<\/div>\n\t\t\t\t\t                        <a aria-label=\"Guly\u00e1sparti a kempingben\" href=\"#\"><\/a>\n\t\t\t\t\t\t\t\t\t<\/figcaption>\n\t\t\t<\/figure>\n\t\t<\/div>\n\t\t\t\t\t\t<\/div>\n\t\t\t\t<\/div>\n\t\t\t\t\t<\/div>\n\t\t<\/div>\n\t\t\t\t\t<\/div>\n\t\t<\/section>\n\t\t\t\t<section data-particle_enable=\"false\" data-particle-mobile-disabled=\"false\" class=\"elementor-section elementor-top-section elementor-element elementor-element-73f7e8a elementor-section-boxed elementor-section-height-default elementor-section-height-default\" data-id=\"73f7e8a\" data-element_type=\"section\">\n\t\t\t\t\t\t<div class=\"elementor-container elementor-column-gap-default\">\n\t\t\t\t\t<div class=\"elementor-column elementor-col-100 elementor-top-column elementor-element elementor-element-b0d2c64\" data-id=\"b0d2c64\" data-element_type=\"column\">\n\t\t\t<div class=\"elementor-widget-wrap elementor-element-populated\">\n\t\t\t\t\t\t<div class=\"elementor-element elementor-element-5588e47 elementor-widget elementor-widget-text-editor\" data-id=\"5588e47\" data-element_type=\"widget\" data-widget_type=\"text-editor.default\">\n\t\t\t\t<div class=\"elementor-widget-container\">\n\t\t\t\t\t\t\t\t\t<p style=\"text-align: center;\">R\u00e9szletek\u00e9rt bizalommal keressen minket\u00a0<a style=\"background-color: #ffffff;\" href=\"https:\/\/campingtiszafured.hu\/hu\/elerhetosegek\/\">el\u00e9rhet\u0151s\u00e9geink<\/a>\u00a0egyik\u00e9n vagy \u00edrjon \u00fczenetet\u00a0<a style=\"background-color: #ffffff;\" href=\"https:\/\/campingtiszafured.hu\/hu\/kapcsolati-urlap\/\">itt<\/a>!<\/p>\t\t\t\t\t\t\t\t<\/div>\n\t\t\t\t<\/div>\n\t\t\t\t\t<\/div>\n\t\t<\/div>\n\t\t\t\t\t<\/div>\n\t\t<\/section>\n\t\t\t\t<section data-particle_enable=\"false\" data-particle-mobile-disabled=\"false\" class=\"elementor-section elementor-top-section elementor-element elementor-element-00c2d94 elementor-section-boxed elementor-section-height-default elementor-section-height-default\" data-id=\"00c2d94\" data-element_type=\"section\">\n\t\t\t\t\t\t<div class=\"elementor-container elementor-column-gap-default\">\n\t\t\t\t\t<div class=\"elementor-column elementor-col-100 elementor-top-column elementor-element elementor-element-860de69\" data-id=\"860de69\" data-element_type=\"column\">\n\t\t\t<div class=\"elementor-widget-wrap elementor-element-populated\">\n\t\t\t\t\t\t<div class=\"elementor-element elementor-element-76d00de elementor-align-center elementor-widget elementor-widget-button\" data-id=\"76d00de\" data-element_type=\"widget\" data-widget_type=\"button.default\">\n\t\t\t\t<div class=\"elementor-widget-container\">\n\t\t\t\t\t\t\t\t\t<div class=\"elementor-button-wrapper\">\n\t\t\t\t\t<a class=\"elementor-button elementor-button-link elementor-size-lg\" href=\"https:\/\/campingtiszafured.hu\/hu\/kapcsolati-urlap\/\" target=\"_blank\" id=\"services_contact_button\">\n\t\t\t\t\t\t<span class=\"elementor-button-content-wrapper\">\n\t\t\t\t\t\t<span class=\"elementor-button-icon\">\n\t\t\t\t\t\t\t\t\t<i class=\"\" aria-hidden=\"true\"><\/i>\n\t\t\t\t\t\t\t<\/span>\n\t\t\t\t\t\t\t\t\t<span class=\"elementor-button-text\">Felveszem a kapcsolatot<\/span>\n\t\t\t\t\t<\/span>\n\t\t\t\t\t<\/a>\n\t\t\t\t<\/div>\n\t\t\t\t\t\t\t\t<\/div>\n\t\t\t\t<\/div>\n\t\t\t\t\t<\/div>\n\t\t<\/div>\n\t\t\t\t\t<\/div>\n\t\t<\/section>\n\t\t\t\t<\/div>\n\t\t","protected":false},"excerpt":{"rendered":"<p>A sz\u00e1ll\u00e1shely biztos\u00edt\u00e1sa mellett igyeksz\u00fcnk min\u00e9l sz\u00e9lesebb k\u00f6r\u0171 programokat k\u00edn\u00e1lni a kedves vend\u00e9geinknek. Szervezett programjaink a Tisza-t\u00f3n\u00e1l \u00e9s azon t\u00fal is ny\u00falnak: k\u00f6z\u00f6s kir\u00e1ndul\u00e1sainkkal betekint\u00e9st ny\u00fajtunk az Alf\u00f6ld, a Puszta \u00e9l\u0151vil\u00e1g\u00e1ba, de megk\u00f3stolhatjuk a legkiv\u00e1l\u00f3bb borokat a k\u00f6zeli egri borvid\u00e9ken is. A kempingen bel\u00fcl pedig rendszeresen szervez\u00fcnk esti \u00f6sszej\u00f6veteleket. B\u00e1tran aj\u00e1nljuk a n\u00e9pszer\u0171 guly\u00e1spartit, ahol [&hellip;]<\/p>\n","protected":false},"author":1,"featured_media":0,"parent":0,"menu_order":0,"comment_status":"closed","ping_status":"closed","template":"","meta":{"footnotes":""},"class_list":["post-406","page","type-page","status-publish","hentry"],"yoast_head":"<!-- This site is optimized with the Yoast SEO plugin v24.7 - https:\/\/yoast.com\/wordpress\/plugins\/seo\/ -->\n<title>Programok - Dieter&#039;s camping<\/title>\n<meta name=\"robots\" content=\"index, follow, max-snippet:-1, max-image-preview:large, max-video-preview:-1\" \/>\n<link rel=\"canonical\" href=\"https:\/\/campingtiszafured.hu\/hu\/programok\/\" \/>\n<meta property=\"og:locale\" content=\"hu_HU\" \/>\n<meta property=\"og:type\" content=\"article\" \/>\n<meta property=\"og:title\" content=\"Programok - Dieter&#039;s camping\" \/>\n<meta property=\"og:description\" content=\"A sz\u00e1ll\u00e1shely biztos\u00edt\u00e1sa mellett igyeksz\u00fcnk min\u00e9l sz\u00e9lesebb k\u00f6r\u0171 programokat k\u00edn\u00e1lni a kedves vend\u00e9geinknek. Szervezett programjaink a Tisza-t\u00f3n\u00e1l \u00e9s azon t\u00fal is ny\u00falnak: k\u00f6z\u00f6s kir\u00e1ndul\u00e1sainkkal betekint\u00e9st ny\u00fajtunk az Alf\u00f6ld, a Puszta \u00e9l\u0151vil\u00e1g\u00e1ba, de megk\u00f3stolhatjuk a legkiv\u00e1l\u00f3bb borokat a k\u00f6zeli egri borvid\u00e9ken is. A kempingen bel\u00fcl pedig rendszeresen szervez\u00fcnk esti \u00f6sszej\u00f6veteleket. B\u00e1tran aj\u00e1nljuk a n\u00e9pszer\u0171 guly\u00e1spartit, ahol [&hellip;]\" \/>\n<meta property=\"og:url\" content=\"https:\/\/campingtiszafured.hu\/hu\/programok\/\" \/>\n<meta property=\"og:site_name\" content=\"Dieter&#039;s camping\" \/>\n<meta property=\"article:publisher\" content=\"https:\/\/www.facebook.com\/Dieters-CampingApartman-1718938541689020\/\" \/>\n<meta property=\"article:modified_time\" content=\"2022-05-17T05:50:37+00:00\" \/>\n<meta property=\"og:image\" content=\"https:\/\/campingtiszafured.hu\/hu\/wp-content\/uploads\/2022\/05\/277317063_380517910357413_7162117603515969927_n.jpg\" \/>\n<meta name=\"twitter:card\" content=\"summary_large_image\" \/>\n<meta name=\"twitter:label1\" content=\"Becs\u00fclt olvas\u00e1si id\u0151\" \/>\n\t<meta name=\"twitter:data1\" content=\"3 perc\" \/>\n<script type=\"application\/ld+json\" class=\"yoast-schema-graph\">{\"@context\":\"https:\/\/schema.org\",\"@graph\":[{\"@type\":\"WebPage\",\"@id\":\"https:\/\/campingtiszafured.hu\/hu\/programok\/\",\"url\":\"https:\/\/campingtiszafured.hu\/hu\/programok\/\",\"name\":\"Programok - Dieter&#039;s camping\",\"isPartOf\":{\"@id\":\"https:\/\/campingtiszafured.hu\/hu\/#website\"},\"primaryImageOfPage\":{\"@id\":\"https:\/\/campingtiszafured.hu\/hu\/programok\/#primaryimage\"},\"image\":{\"@id\":\"https:\/\/campingtiszafured.hu\/hu\/programok\/#primaryimage\"},\"thumbnailUrl\":\"https:\/\/campingtiszafured.hu\/hu\/wp-content\/uploads\/2022\/05\/277317063_380517910357413_7162117603515969927_n.jpg\",\"datePublished\":\"2022-05-15T18:32:55+00:00\",\"dateModified\":\"2022-05-17T05:50:37+00:00\",\"breadcrumb\":{\"@id\":\"https:\/\/campingtiszafured.hu\/hu\/programok\/#breadcrumb\"},\"inLanguage\":\"hu\",\"potentialAction\":[{\"@type\":\"ReadAction\",\"target\":[\"https:\/\/campingtiszafured.hu\/hu\/programok\/\"]}]},{\"@type\":\"ImageObject\",\"inLanguage\":\"hu\",\"@id\":\"https:\/\/campingtiszafured.hu\/hu\/programok\/#primaryimage\",\"url\":\"https:\/\/campingtiszafured.hu\/hu\/wp-content\/uploads\/2022\/05\/277317063_380517910357413_7162117603515969927_n.jpg\",\"contentUrl\":\"https:\/\/campingtiszafured.hu\/hu\/wp-content\/uploads\/2022\/05\/277317063_380517910357413_7162117603515969927_n.jpg\",\"width\":744,\"height\":558,\"caption\":\"csonaktura\"},{\"@type\":\"BreadcrumbList\",\"@id\":\"https:\/\/campingtiszafured.hu\/hu\/programok\/#breadcrumb\",\"itemListElement\":[{\"@type\":\"ListItem\",\"position\":1,\"name\":\"Home\",\"item\":\"https:\/\/campingtiszafured.hu\/hu\/\"},{\"@type\":\"ListItem\",\"position\":2,\"name\":\"Programok\"}]},{\"@type\":\"WebSite\",\"@id\":\"https:\/\/campingtiszafured.hu\/hu\/#website\",\"url\":\"https:\/\/campingtiszafured.hu\/hu\/\",\"name\":\"Dieter&#039;s camping\",\"description\":\"Camping \u00e9s apartman Tiszaf\u00fcreden\",\"potentialAction\":[{\"@type\":\"SearchAction\",\"target\":{\"@type\":\"EntryPoint\",\"urlTemplate\":\"https:\/\/campingtiszafured.hu\/hu\/?s={search_term_string}\"},\"query-input\":{\"@type\":\"PropertyValueSpecification\",\"valueRequired\":true,\"valueName\":\"search_term_string\"}}],\"inLanguage\":\"hu\"}]}<\/script>\n<!-- \/ Yoast SEO plugin. -->","yoast_head_json":{"title":"Programok - Dieter&#039;s camping","robots":{"index":"index","follow":"follow","max-snippet":"max-snippet:-1","max-image-preview":"max-image-preview:large","max-video-preview":"max-video-preview:-1"},"canonical":"https:\/\/campingtiszafured.hu\/hu\/programok\/","og_locale":"hu_HU","og_type":"article","og_title":"Programok - Dieter&#039;s camping","og_description":"A sz\u00e1ll\u00e1shely biztos\u00edt\u00e1sa mellett igyeksz\u00fcnk min\u00e9l sz\u00e9lesebb k\u00f6r\u0171 programokat k\u00edn\u00e1lni a kedves vend\u00e9geinknek. Szervezett programjaink a Tisza-t\u00f3n\u00e1l \u00e9s azon t\u00fal is ny\u00falnak: k\u00f6z\u00f6s kir\u00e1ndul\u00e1sainkkal betekint\u00e9st ny\u00fajtunk az Alf\u00f6ld, a Puszta \u00e9l\u0151vil\u00e1g\u00e1ba, de megk\u00f3stolhatjuk a legkiv\u00e1l\u00f3bb borokat a k\u00f6zeli egri borvid\u00e9ken is. A kempingen bel\u00fcl pedig rendszeresen szervez\u00fcnk esti \u00f6sszej\u00f6veteleket. B\u00e1tran aj\u00e1nljuk a n\u00e9pszer\u0171 guly\u00e1spartit, ahol [&hellip;]","og_url":"https:\/\/campingtiszafured.hu\/hu\/programok\/","og_site_name":"Dieter&#039;s camping","article_publisher":"https:\/\/www.facebook.com\/Dieters-CampingApartman-1718938541689020\/","article_modified_time":"2022-05-17T05:50:37+00:00","og_image":[{"url":"https:\/\/campingtiszafured.hu\/hu\/wp-content\/uploads\/2022\/05\/277317063_380517910357413_7162117603515969927_n.jpg","type":"","width":"","height":""}],"twitter_card":"summary_large_image","twitter_misc":{"Becs\u00fclt olvas\u00e1si id\u0151":"3 perc"},"schema":{"@context":"https:\/\/schema.org","@graph":[{"@type":"WebPage","@id":"https:\/\/campingtiszafured.hu\/hu\/programok\/","url":"https:\/\/campingtiszafured.hu\/hu\/programok\/","name":"Programok - Dieter&#039;s camping","isPartOf":{"@id":"https:\/\/campingtiszafured.hu\/hu\/#website"},"primaryImageOfPage":{"@id":"https:\/\/campingtiszafured.hu\/hu\/programok\/#primaryimage"},"image":{"@id":"https:\/\/campingtiszafured.hu\/hu\/programok\/#primaryimage"},"thumbnailUrl":"https:\/\/campingtiszafured.hu\/hu\/wp-content\/uploads\/2022\/05\/277317063_380517910357413_7162117603515969927_n.jpg","datePublished":"2022-05-15T18:32:55+00:00","dateModified":"2022-05-17T05:50:37+00:00","breadcrumb":{"@id":"https:\/\/campingtiszafured.hu\/hu\/programok\/#breadcrumb"},"inLanguage":"hu","potentialAction":[{"@type":"ReadAction","target":["https:\/\/campingtiszafured.hu\/hu\/programok\/"]}]},{"@type":"ImageObject","inLanguage":"hu","@id":"https:\/\/campingtiszafured.hu\/hu\/programok\/#primaryimage","url":"https:\/\/campingtiszafured.hu\/hu\/wp-content\/uploads\/2022\/05\/277317063_380517910357413_7162117603515969927_n.jpg","contentUrl":"https:\/\/campingtiszafured.hu\/hu\/wp-content\/uploads\/2022\/05\/277317063_380517910357413_7162117603515969927_n.jpg","width":744,"height":558,"caption":"csonaktura"},{"@type":"BreadcrumbList","@id":"https:\/\/campingtiszafured.hu\/hu\/programok\/#breadcrumb","itemListElement":[{"@type":"ListItem","position":1,"name":"Home","item":"https:\/\/campingtiszafured.hu\/hu\/"},{"@type":"ListItem","position":2,"name":"Programok"}]},{"@type":"WebSite","@id":"https:\/\/campingtiszafured.hu\/hu\/#website","url":"https:\/\/campingtiszafured.hu\/hu\/","name":"Dieter&#039;s camping","description":"Camping \u00e9s apartman Tiszaf\u00fcreden","potentialAction":[{"@type":"SearchAction","target":{"@type":"EntryPoint","urlTemplate":"https:\/\/campingtiszafured.hu\/hu\/?s={search_term_string}"},"query-input":{"@type":"PropertyValueSpecification","valueRequired":true,"valueName":"search_term_string"}}],"inLanguage":"hu"}]}},"_links":{"self":[{"href":"https:\/\/campingtiszafured.hu\/hu\/wp-json\/wp\/v2\/pages\/406","targetHints":{"allow":["GET"]}}],"collection":[{"href":"https:\/\/campingtiszafured.hu\/hu\/wp-json\/wp\/v2\/pages"}],"about":[{"href":"https:\/\/campingtiszafured.hu\/hu\/wp-json\/wp\/v2\/types\/page"}],"author":[{"embeddable":true,"href":"https:\/\/campingtiszafured.hu\/hu\/wp-json\/wp\/v2\/users\/1"}],"replies":[{"embeddable":true,"href":"https:\/\/campingtiszafured.hu\/hu\/wp-json\/wp\/v2\/comments?post=406"}],"version-history":[{"count":24,"href":"https:\/\/campingtiszafured.hu\/hu\/wp-json\/wp\/v2\/pages\/406\/revisions"}],"predecessor-version":[{"id":440,"href":"https:\/\/campingtiszafured.hu\/hu\/wp-json\/wp\/v2\/pages\/406\/revisions\/440"}],"wp:attachment":[{"href":"https:\/\/campingtiszafured.hu\/hu\/wp-json\/wp\/v2\/media?parent=406"}],"curies":[{"name":"wp","href":"https:\/\/api.w.org\/{rel}","templated":true}]}}