{"id":28,"date":"2016-05-24T19:29:12","date_gmt":"2016-05-24T17:29:12","guid":{"rendered":"https:\/\/campingtiszafured.hu\/hu\/?page_id=28"},"modified":"2017-02-26T17:29:00","modified_gmt":"2017-02-26T15:29:00","slug":"elerhetosegek","status":"publish","type":"page","link":"https:\/\/campingtiszafured.hu\/hu\/elerhetosegek\/","title":{"rendered":"El\u00e9rhet\u0151s\u00e9gek"},"content":{"rendered":"<h2>El\u00e9rhet\u0151s\u00e9gek<a href=\"https:\/\/campingtiszafured.hu\/hu\/wp-content\/uploads\/2016\/05\/DSC_0050.jpg\" data-rel=\"lightbox-gallery-FxzDzaK4\" data-rl_title=\"\" data-rl_caption=\"\" title=\"\"><img fetchpriority=\"high\" decoding=\"async\" class=\"alignright wp-image-60\" src=\"https:\/\/campingtiszafured.hu\/hu\/wp-content\/uploads\/2016\/05\/DSC_0050-300x200.jpg\" alt=\"Dieter's Camping 1\" width=\"338\" height=\"225\" srcset=\"https:\/\/campingtiszafured.hu\/hu\/wp-content\/uploads\/2016\/05\/DSC_0050-300x200.jpg 300w, https:\/\/campingtiszafured.hu\/hu\/wp-content\/uploads\/2016\/05\/DSC_0050-768x512.jpg 768w, https:\/\/campingtiszafured.hu\/hu\/wp-content\/uploads\/2016\/05\/DSC_0050-1024x683.jpg 1024w, https:\/\/campingtiszafured.hu\/hu\/wp-content\/uploads\/2016\/05\/DSC_0050.jpg 1620w\" sizes=\"(max-width: 338px) 100vw, 338px\" \/><\/a><\/h2>\n<p>A Dieter&#8217;s Camping el\u00e9rhet\u0151s\u00e9gei:<\/p>\n<p>Telefon: +3630\/254 9579<\/p>\n<p>C\u00edm: Magyarorsz\u00e1g, 5350, Tiszaf\u00fcred F\u00fcrd\u0151 \u00fat 9.<\/p>\n<p>Weboldal: <a href=\"https:\/\/www.campingtiszafured.hu\">https:\/\/www.campingtiszafured.hu<\/a><\/p>\n<p>E-Mail: <a href=\"mailto:info@campingtiszafured.hu\">info@campingtiszafured.hu<\/a><\/p>\n<p>T\u00e9rk\u00e9p:<br \/>\n<iframe style=\"border: 0;\" src=\"https:\/\/www.google.com\/maps\/embed?pb=!1m14!1m8!1m3!1d2689.0413986596704!2d20.75012818836062!3d47.625326527724916!3m2!1i1024!2i768!4f13.1!3m3!1m2!1s0x0%3A0x6778e0971b7ef87d!2sDieter's+Camping!5e0!3m2!1shu!2shu!4v1465078694142\" width=\"600\" height=\"450\" frameborder=\"0\" allowfullscreen=\"allowfullscreen\"><\/iframe><\/p>\n","protected":false},"excerpt":{"rendered":"<p>El\u00e9rhet\u0151s\u00e9gek A Dieter&#8217;s Camping el\u00e9rhet\u0151s\u00e9gei: Telefon: +3630\/254 9579 C\u00edm: Magyarorsz\u00e1g, 5350, Tiszaf\u00fcred F\u00fcrd\u0151 \u00fat 9. Weboldal: https:\/\/www.campingtiszafured.hu E-Mail: info@campingtiszafured.hu T\u00e9rk\u00e9p:<\/p>\n","protected":false},"author":1,"featured_media":0,"parent":0,"menu_order":0,"comment_status":"closed","ping_status":"closed","template":"","meta":{"footnotes":""},"class_list":["post-28","page","type-page","status-publish","hentry"],"yoast_head":"<!-- This site is optimized with the Yoast SEO plugin v24.7 - https:\/\/yoast.com\/wordpress\/plugins\/seo\/ -->\n<title>Dieter&#039;s Camping \u00e9s Apartman - El\u00e9rhet\u0151s\u00e9gek<\/title>\n<meta name=\"description\" content=\"A tiszaf\u00fcredi Dieter&#039;s Camping \u00e9s apartman el\u00e9rhet\u0151s\u00e9geit az itt tal\u00e1lhat\u00f3 linkre kattintva tudja el\u00e9rni. Tiszaf\u00fcred, F\u00fcrd\u0151 \u00fat 9.\" \/>\n<meta name=\"robots\" content=\"index, follow, max-snippet:-1, max-image-preview:large, max-video-preview:-1\" \/>\n<link rel=\"canonical\" href=\"https:\/\/campingtiszafured.hu\/hu\/elerhetosegek\/\" \/>\n<meta property=\"og:locale\" content=\"hu_HU\" \/>\n<meta property=\"og:type\" content=\"article\" \/>\n<meta property=\"og:title\" content=\"Dieter&#039;s Camping \u00e9s Apartman - El\u00e9rhet\u0151s\u00e9gek\" \/>\n<meta property=\"og:description\" content=\"A tiszaf\u00fcredi Dieter&#039;s Camping \u00e9s apartman el\u00e9rhet\u0151s\u00e9geit az itt tal\u00e1lhat\u00f3 linkre kattintva tudja el\u00e9rni. Tiszaf\u00fcred, F\u00fcrd\u0151 \u00fat 9.\" \/>\n<meta property=\"og:url\" content=\"https:\/\/campingtiszafured.hu\/hu\/elerhetosegek\/\" \/>\n<meta property=\"og:site_name\" content=\"Dieter&#039;s camping\" \/>\n<meta property=\"article:publisher\" content=\"https:\/\/www.facebook.com\/Dieters-CampingApartman-1718938541689020\/\" \/>\n<meta property=\"article:modified_time\" content=\"2017-02-26T15:29:00+00:00\" \/>\n<meta property=\"og:image\" content=\"https:\/\/campingtiszafured.hu\/hu\/wp-content\/uploads\/2016\/05\/DSC_0050-300x200.jpg\" \/>\n<meta name=\"twitter:card\" content=\"summary_large_image\" \/>\n<script type=\"application\/ld+json\" class=\"yoast-schema-graph\">{\"@context\":\"https:\/\/schema.org\",\"@graph\":[{\"@type\":\"WebPage\",\"@id\":\"https:\/\/campingtiszafured.hu\/hu\/elerhetosegek\/\",\"url\":\"https:\/\/campingtiszafured.hu\/hu\/elerhetosegek\/\",\"name\":\"Dieter's Camping \u00e9s Apartman - El\u00e9rhet\u0151s\u00e9gek\",\"isPartOf\":{\"@id\":\"https:\/\/campingtiszafured.hu\/hu\/#website\"},\"primaryImageOfPage\":{\"@id\":\"https:\/\/campingtiszafured.hu\/hu\/elerhetosegek\/#primaryimage\"},\"image\":{\"@id\":\"https:\/\/campingtiszafured.hu\/hu\/elerhetosegek\/#primaryimage\"},\"thumbnailUrl\":\"https:\/\/campingtiszafured.hu\/hu\/wp-content\/uploads\/2016\/05\/DSC_0050-300x200.jpg\",\"datePublished\":\"2016-05-24T17:29:12+00:00\",\"dateModified\":\"2017-02-26T15:29:00+00:00\",\"description\":\"A tiszaf\u00fcredi Dieter's Camping \u00e9s apartman el\u00e9rhet\u0151s\u00e9geit az itt tal\u00e1lhat\u00f3 linkre kattintva tudja el\u00e9rni. Tiszaf\u00fcred, F\u00fcrd\u0151 \u00fat 9.\",\"breadcrumb\":{\"@id\":\"https:\/\/campingtiszafured.hu\/hu\/elerhetosegek\/#breadcrumb\"},\"inLanguage\":\"hu\",\"potentialAction\":[{\"@type\":\"ReadAction\",\"target\":[\"https:\/\/campingtiszafured.hu\/hu\/elerhetosegek\/\"]}]},{\"@type\":\"ImageObject\",\"inLanguage\":\"hu\",\"@id\":\"https:\/\/campingtiszafured.hu\/hu\/elerhetosegek\/#primaryimage\",\"url\":\"https:\/\/campingtiszafured.hu\/hu\/wp-content\/uploads\/2016\/05\/DSC_0050.jpg\",\"contentUrl\":\"https:\/\/campingtiszafured.hu\/hu\/wp-content\/uploads\/2016\/05\/DSC_0050.jpg\",\"width\":1620,\"height\":1080},{\"@type\":\"BreadcrumbList\",\"@id\":\"https:\/\/campingtiszafured.hu\/hu\/elerhetosegek\/#breadcrumb\",\"itemListElement\":[{\"@type\":\"ListItem\",\"position\":1,\"name\":\"Home\",\"item\":\"https:\/\/campingtiszafured.hu\/hu\/\"},{\"@type\":\"ListItem\",\"position\":2,\"name\":\"El\u00e9rhet\u0151s\u00e9gek\"}]},{\"@type\":\"WebSite\",\"@id\":\"https:\/\/campingtiszafured.hu\/hu\/#website\",\"url\":\"https:\/\/campingtiszafured.hu\/hu\/\",\"name\":\"Dieter&#039;s camping\",\"description\":\"Camping \u00e9s apartman Tiszaf\u00fcreden\",\"potentialAction\":[{\"@type\":\"SearchAction\",\"target\":{\"@type\":\"EntryPoint\",\"urlTemplate\":\"https:\/\/campingtiszafured.hu\/hu\/?s={search_term_string}\"},\"query-input\":{\"@type\":\"PropertyValueSpecification\",\"valueRequired\":true,\"valueName\":\"search_term_string\"}}],\"inLanguage\":\"hu\"}]}<\/script>\n<!-- \/ Yoast SEO plugin. -->","yoast_head_json":{"title":"Dieter's Camping \u00e9s Apartman - El\u00e9rhet\u0151s\u00e9gek","description":"A tiszaf\u00fcredi Dieter's Camping \u00e9s apartman el\u00e9rhet\u0151s\u00e9geit az itt tal\u00e1lhat\u00f3 linkre kattintva tudja el\u00e9rni. Tiszaf\u00fcred, F\u00fcrd\u0151 \u00fat 9.","robots":{"index":"index","follow":"follow","max-snippet":"max-snippet:-1","max-image-preview":"max-image-preview:large","max-video-preview":"max-video-preview:-1"},"canonical":"https:\/\/campingtiszafured.hu\/hu\/elerhetosegek\/","og_locale":"hu_HU","og_type":"article","og_title":"Dieter's Camping \u00e9s Apartman - El\u00e9rhet\u0151s\u00e9gek","og_description":"A tiszaf\u00fcredi Dieter's Camping \u00e9s apartman el\u00e9rhet\u0151s\u00e9geit az itt tal\u00e1lhat\u00f3 linkre kattintva tudja el\u00e9rni. Tiszaf\u00fcred, F\u00fcrd\u0151 \u00fat 9.","og_url":"https:\/\/campingtiszafured.hu\/hu\/elerhetosegek\/","og_site_name":"Dieter&#039;s camping","article_publisher":"https:\/\/www.facebook.com\/Dieters-CampingApartman-1718938541689020\/","article_modified_time":"2017-02-26T15:29:00+00:00","og_image":[{"url":"https:\/\/campingtiszafured.hu\/hu\/wp-content\/uploads\/2016\/05\/DSC_0050-300x200.jpg","type":"","width":"","height":""}],"twitter_card":"summary_large_image","schema":{"@context":"https:\/\/schema.org","@graph":[{"@type":"WebPage","@id":"https:\/\/campingtiszafured.hu\/hu\/elerhetosegek\/","url":"https:\/\/campingtiszafured.hu\/hu\/elerhetosegek\/","name":"Dieter's Camping \u00e9s Apartman - El\u00e9rhet\u0151s\u00e9gek","isPartOf":{"@id":"https:\/\/campingtiszafured.hu\/hu\/#website"},"primaryImageOfPage":{"@id":"https:\/\/campingtiszafured.hu\/hu\/elerhetosegek\/#primaryimage"},"image":{"@id":"https:\/\/campingtiszafured.hu\/hu\/elerhetosegek\/#primaryimage"},"thumbnailUrl":"https:\/\/campingtiszafured.hu\/hu\/wp-content\/uploads\/2016\/05\/DSC_0050-300x200.jpg","datePublished":"2016-05-24T17:29:12+00:00","dateModified":"2017-02-26T15:29:00+00:00","description":"A tiszaf\u00fcredi Dieter's Camping \u00e9s apartman el\u00e9rhet\u0151s\u00e9geit az itt tal\u00e1lhat\u00f3 linkre kattintva tudja el\u00e9rni. Tiszaf\u00fcred, F\u00fcrd\u0151 \u00fat 9.","breadcrumb":{"@id":"https:\/\/campingtiszafured.hu\/hu\/elerhetosegek\/#breadcrumb"},"inLanguage":"hu","potentialAction":[{"@type":"ReadAction","target":["https:\/\/campingtiszafured.hu\/hu\/elerhetosegek\/"]}]},{"@type":"ImageObject","inLanguage":"hu","@id":"https:\/\/campingtiszafured.hu\/hu\/elerhetosegek\/#primaryimage","url":"https:\/\/campingtiszafured.hu\/hu\/wp-content\/uploads\/2016\/05\/DSC_0050.jpg","contentUrl":"https:\/\/campingtiszafured.hu\/hu\/wp-content\/uploads\/2016\/05\/DSC_0050.jpg","width":1620,"height":1080},{"@type":"BreadcrumbList","@id":"https:\/\/campingtiszafured.hu\/hu\/elerhetosegek\/#breadcrumb","itemListElement":[{"@type":"ListItem","position":1,"name":"Home","item":"https:\/\/campingtiszafured.hu\/hu\/"},{"@type":"ListItem","position":2,"name":"El\u00e9rhet\u0151s\u00e9gek"}]},{"@type":"WebSite","@id":"https:\/\/campingtiszafured.hu\/hu\/#website","url":"https:\/\/campingtiszafured.hu\/hu\/","name":"Dieter&#039;s camping","description":"Camping \u00e9s apartman Tiszaf\u00fcreden","potentialAction":[{"@type":"SearchAction","target":{"@type":"EntryPoint","urlTemplate":"https:\/\/campingtiszafured.hu\/hu\/?s={search_term_string}"},"query-input":{"@type":"PropertyValueSpecification","valueRequired":true,"valueName":"search_term_string"}}],"inLanguage":"hu"}]}},"_links":{"self":[{"href":"https:\/\/campingtiszafured.hu\/hu\/wp-json\/wp\/v2\/pages\/28","targetHints":{"allow":["GET"]}}],"collection":[{"href":"https:\/\/campingtiszafured.hu\/hu\/wp-json\/wp\/v2\/pages"}],"about":[{"href":"https:\/\/campingtiszafured.hu\/hu\/wp-json\/wp\/v2\/types\/page"}],"author":[{"embeddable":true,"href":"https:\/\/campingtiszafured.hu\/hu\/wp-json\/wp\/v2\/users\/1"}],"replies":[{"embeddable":true,"href":"https:\/\/campingtiszafured.hu\/hu\/wp-json\/wp\/v2\/comments?post=28"}],"version-history":[{"count":9,"href":"https:\/\/campingtiszafured.hu\/hu\/wp-json\/wp\/v2\/pages\/28\/revisions"}],"predecessor-version":[{"id":256,"href":"https:\/\/campingtiszafured.hu\/hu\/wp-json\/wp\/v2\/pages\/28\/revisions\/256"}],"wp:attachment":[{"href":"https:\/\/campingtiszafured.hu\/hu\/wp-json\/wp\/v2\/media?parent=28"}],"curies":[{"name":"wp","href":"https:\/\/api.w.org\/{rel}","templated":true}]}}