{"id":2,"date":"2016-05-22T11:31:46","date_gmt":"2016-05-22T09:31:46","guid":{"rendered":"https:\/\/campingtiszafured.hu\/hu\/?page_id=2"},"modified":"2025-03-24T00:28:05","modified_gmt":"2025-03-23T22:28:05","slug":"fooldal","status":"publish","type":"page","link":"https:\/\/campingtiszafured.hu\/hu\/","title":{"rendered":"F\u0151oldal"},"content":{"rendered":"<h3>\u00dcdv\u00f6zl\u00fcnk a tiszaf\u00fcredi Dieter&#8217;s Camping honlapj\u00e1n!<\/h3>\n<p><span style=\"color: #ff0000;\"><strong>Hamarosan \u00fajra nyitva vagyunk!<br \/>\n2025. \u00e1prilis 1-t\u0151l szeretettel v\u00e1rjuk kedves vend\u00e9geinket! El\u0151foglal\u00e1s emailben m\u00e1r lehets\u00e9ges az info@campingtiszafured.hu c\u00edmen.\u00a0<\/strong><\/span><\/p>\n<h5>Meg\u00fajult konyh\u00e1val \u00e9s <strong>m\u00e9g szigor\u00fabb takar\u00edt\u00e1si, fert\u0151tlen\u00edt\u00e9si folyamatokkal<\/strong> v\u00e1rjuk \u00d6n\u00f6ket a csod\u00e1latos Tisza-t\u00f3 mellett!<\/h5>\n<p><a href=\"https:\/\/campingtiszafured.hu\/hu\/wp-content\/uploads\/2016\/05\/DSC_0030.jpg\" data-rel=\"lightbox-gallery-tVQf90iJ\" data-rl_title=\"\" data-rl_caption=\"\" title=\"\"><img fetchpriority=\"high\" decoding=\"async\" class=\"size-medium wp-image-56 alignright\" src=\"https:\/\/campingtiszafured.hu\/hu\/wp-content\/uploads\/2016\/05\/DSC_0030-300x200.jpg\" alt=\"camp1\" width=\"300\" height=\"200\" srcset=\"https:\/\/campingtiszafured.hu\/hu\/wp-content\/uploads\/2016\/05\/DSC_0030-300x200.jpg 300w, https:\/\/campingtiszafured.hu\/hu\/wp-content\/uploads\/2016\/05\/DSC_0030-768x512.jpg 768w, https:\/\/campingtiszafured.hu\/hu\/wp-content\/uploads\/2016\/05\/DSC_0030-1024x683.jpg 1024w, https:\/\/campingtiszafured.hu\/hu\/wp-content\/uploads\/2016\/05\/DSC_0030.jpg 1620w\" sizes=\"(max-width: 300px) 100vw, 300px\" \/><\/a>\u00dcd\u00fcl\u0151hely\u00fcnk a Tisza-t\u00f3 f\u0151v\u00e1ros\u00e1ban, Tiszaf\u00fcreden tal\u00e1lhat\u00f3 meg. Kis csal\u00e1di v\u00e1llalkoz\u00e1sk\u00e9nt m\u0171k\u00f6dik \u00fcd\u00fcl\u0151hely\u00fcnk,\u00a0ahov\u00e1 nagyon sok t\u00f6rzsvend\u00e9g\u00fcnk t\u00e9r vissza szezonr\u00f3l szezonra. Rem\u00e9lj\u00fck, hamarosan \u00d6n is \u00e9lvezni fogja n\u00e1lunk\u00a0a kikapcsol\u00f3d\u00e1st \u00e9s relax\u00e1ci\u00f3t.<\/p>\n<p>A 45 \u00e1ll\u00f3hellyel rendelkez\u0151 csal\u00e1di kemping\u00a0minden \u00e1ll\u00f3helye iv\u00f3v\u00edzzel, szennyv\u00edzelvezet\u00e9ssel \u00e9s \u00e1ramcsatlakoz\u00f3val ell\u00e1tott. A f\u00fcves kemping r\u00e9szben napos, r\u00e9szben \u00e1rny\u00e9kos, a modern, csemp\u00e9zett szaniter\u00e9p\u00fcletben 5-5 WC \u00e9s melegvizes zuhanyz\u00f3 (ajt\u00f3kkal) tal\u00e1lhat\u00f3. Azonk\u00edv\u00fcl egy konyha, \u00fasz\u00f3medence, \u00e9rm\u00e9vel m\u0171k\u00f6d\u0151 mos\u00f3g\u00e9p, centrifuga, ker\u00e9kp\u00e1r k\u00f6lcs\u00f6nz\u00e9si lehet\u0151s\u00e9g, k\u00f6nyvek, sport-\u00e9s j\u00e1t\u00e9kszerek \u00e1llnak vend\u00e9geink rendelkez\u00e9s\u00e9re.<\/p>\n<p><a href=\"https:\/\/campingtiszafured.hu\/hu\/wp-content\/uploads\/2016\/05\/DSC_0046.jpg\" data-rel=\"lightbox-gallery-tVQf90iJ\" data-rl_title=\"\" data-rl_caption=\"\" title=\"\"><img decoding=\"async\" class=\"size-medium wp-image-64 alignleft\" src=\"https:\/\/campingtiszafured.hu\/hu\/wp-content\/uploads\/2016\/05\/DSC_0046-300x200.jpg\" alt=\"camping2\" width=\"300\" height=\"200\" srcset=\"https:\/\/campingtiszafured.hu\/hu\/wp-content\/uploads\/2016\/05\/DSC_0046-300x200.jpg 300w, https:\/\/campingtiszafured.hu\/hu\/wp-content\/uploads\/2016\/05\/DSC_0046-768x512.jpg 768w, https:\/\/campingtiszafured.hu\/hu\/wp-content\/uploads\/2016\/05\/DSC_0046-1024x683.jpg 1024w, https:\/\/campingtiszafured.hu\/hu\/wp-content\/uploads\/2016\/05\/DSC_0046.jpg 1620w\" sizes=\"(max-width: 300px) 100vw, 300px\" \/><\/a>A Dieter\u2019s Camping a tiszaf\u00fcredi strand \u00e9s term\u00e1lf\u00fcrd\u0151vel szemben, a Tisza-t\u00f3t\u00f3l 50m-re tal\u00e1lhat\u00f3.<\/p>\n<p>Vend\u00e9geink 500 m\u00e9teres k\u00f6rzetben sz\u00e1mos v\u00e1s\u00e1rl\u00e1si lehet\u0151s\u00e9get, \u00e9ttermeket, sport \u00e9s szabadid\u0151s aj\u00e1nlatokat tal\u00e1lnak.<\/p>\n<p>Kemping\u00fcnkr\u0151l \u00e9s apartmanjainkr\u00f3l m\u00e9g t\u00f6bb k\u00e9pet a <a href=\"https:\/\/campingtiszafured.hu\/hu\/galeria\/\">Gal\u00e9ria<\/a> men\u00fcpontra kattintva tal\u00e1l, \u00e1rainkat pedig az <a href=\"https:\/\/campingtiszafured.hu\/hu\/arak\/\">\u00c1rak<\/a> oldalon n\u00e9zheti meg.<\/p>\n","protected":false},"excerpt":{"rendered":"<p>\u00dcdv\u00f6zl\u00fcnk a tiszaf\u00fcredi Dieter&#8217;s Camping honlapj\u00e1n! Hamarosan \u00fajra nyitva vagyunk! 2025. \u00e1prilis 1-t\u0151l szeretettel v\u00e1rjuk kedves vend\u00e9geinket! El\u0151foglal\u00e1s emailben m\u00e1r lehets\u00e9ges az info@campingtiszafured.hu c\u00edmen.\u00a0 Meg\u00fajult konyh\u00e1val \u00e9s m\u00e9g szigor\u00fabb takar\u00edt\u00e1si, fert\u0151tlen\u00edt\u00e9si folyamatokkal v\u00e1rjuk \u00d6n\u00f6ket a csod\u00e1latos Tisza-t\u00f3 mellett! \u00dcd\u00fcl\u0151hely\u00fcnk a Tisza-t\u00f3 f\u0151v\u00e1ros\u00e1ban, Tiszaf\u00fcreden tal\u00e1lhat\u00f3 meg. Kis csal\u00e1di v\u00e1llalkoz\u00e1sk\u00e9nt m\u0171k\u00f6dik \u00fcd\u00fcl\u0151hely\u00fcnk,\u00a0ahov\u00e1 nagyon sok t\u00f6rzsvend\u00e9g\u00fcnk t\u00e9r vissza [&hellip;]<\/p>\n","protected":false},"author":1,"featured_media":0,"parent":0,"menu_order":0,"comment_status":"closed","ping_status":"closed","template":"","meta":{"footnotes":""},"class_list":["post-2","page","type-page","status-publish","hentry"],"yoast_head":"<!-- This site is optimized with the Yoast SEO plugin v24.7 - https:\/\/yoast.com\/wordpress\/plugins\/seo\/ -->\n<title>Dieter&#039;s Camping \u00e9s Apartman Tiszaf\u00fcred<\/title>\n<meta name=\"description\" content=\"K\u00f6sz\u00f6nt\u00fcnk Dieter&#039;s Camping Tiszaf\u00fcred weboldal\u00e1n! Kemping\u00fcnk el\u00e9rhet\u0151s\u00e9geir\u0151l \u00e9s a k\u00f6zelben tal\u00e1lhat\u00f3 l\u00e1tnival\u00f3kr\u00f3l tov\u00e1bb t\u00e1j\u00e9koz\u00f3dhatsz a honlapunkon.\" \/>\n<meta name=\"robots\" content=\"index, follow, max-snippet:-1, max-image-preview:large, max-video-preview:-1\" \/>\n<link rel=\"canonical\" href=\"https:\/\/campingtiszafured.hu\/hu\/\" \/>\n<meta property=\"og:locale\" content=\"hu_HU\" \/>\n<meta property=\"og:type\" content=\"article\" \/>\n<meta property=\"og:title\" content=\"Dieter&#039;s Camping \u00e9s Apartman Tiszaf\u00fcred\" \/>\n<meta property=\"og:description\" content=\"K\u00f6sz\u00f6nt\u00fcnk Dieter&#039;s Camping Tiszaf\u00fcred weboldal\u00e1n! Kemping\u00fcnk el\u00e9rhet\u0151s\u00e9geir\u0151l \u00e9s a k\u00f6zelben tal\u00e1lhat\u00f3 l\u00e1tnival\u00f3kr\u00f3l tov\u00e1bb t\u00e1j\u00e9koz\u00f3dhatsz a honlapunkon.\" \/>\n<meta property=\"og:url\" content=\"https:\/\/campingtiszafured.hu\/hu\/\" \/>\n<meta property=\"og:site_name\" content=\"Dieter&#039;s camping\" \/>\n<meta property=\"article:publisher\" content=\"https:\/\/www.facebook.com\/Dieters-CampingApartman-1718938541689020\/\" \/>\n<meta property=\"article:modified_time\" content=\"2025-03-23T22:28:05+00:00\" \/>\n<meta property=\"og:image\" content=\"https:\/\/campingtiszafured.hu\/hu\/wp-content\/uploads\/2016\/05\/DSC_0030.jpg\" \/>\n\t<meta property=\"og:image:width\" content=\"1620\" \/>\n\t<meta property=\"og:image:height\" content=\"1080\" \/>\n\t<meta property=\"og:image:type\" content=\"image\/jpeg\" \/>\n<meta name=\"twitter:card\" content=\"summary_large_image\" \/>\n<meta name=\"twitter:label1\" content=\"Becs\u00fclt olvas\u00e1si id\u0151\" \/>\n\t<meta name=\"twitter:data1\" content=\"2 perc\" \/>\n<script type=\"application\/ld+json\" class=\"yoast-schema-graph\">{\"@context\":\"https:\/\/schema.org\",\"@graph\":[{\"@type\":\"WebPage\",\"@id\":\"https:\/\/campingtiszafured.hu\/hu\/\",\"url\":\"https:\/\/campingtiszafured.hu\/hu\/\",\"name\":\"Dieter's Camping \u00e9s Apartman Tiszaf\u00fcred\",\"isPartOf\":{\"@id\":\"https:\/\/campingtiszafured.hu\/hu\/#website\"},\"primaryImageOfPage\":{\"@id\":\"https:\/\/campingtiszafured.hu\/hu\/#primaryimage\"},\"image\":{\"@id\":\"https:\/\/campingtiszafured.hu\/hu\/#primaryimage\"},\"thumbnailUrl\":\"https:\/\/campingtiszafured.hu\/hu\/wp-content\/uploads\/2016\/05\/DSC_0030-300x200.jpg\",\"datePublished\":\"2016-05-22T09:31:46+00:00\",\"dateModified\":\"2025-03-23T22:28:05+00:00\",\"description\":\"K\u00f6sz\u00f6nt\u00fcnk Dieter's Camping Tiszaf\u00fcred weboldal\u00e1n! Kemping\u00fcnk el\u00e9rhet\u0151s\u00e9geir\u0151l \u00e9s a k\u00f6zelben tal\u00e1lhat\u00f3 l\u00e1tnival\u00f3kr\u00f3l tov\u00e1bb t\u00e1j\u00e9koz\u00f3dhatsz a honlapunkon.\",\"breadcrumb\":{\"@id\":\"https:\/\/campingtiszafured.hu\/hu\/#breadcrumb\"},\"inLanguage\":\"hu\",\"potentialAction\":[{\"@type\":\"ReadAction\",\"target\":[\"https:\/\/campingtiszafured.hu\/hu\/\"]}]},{\"@type\":\"ImageObject\",\"inLanguage\":\"hu\",\"@id\":\"https:\/\/campingtiszafured.hu\/hu\/#primaryimage\",\"url\":\"https:\/\/campingtiszafured.hu\/hu\/wp-content\/uploads\/2016\/05\/DSC_0030.jpg\",\"contentUrl\":\"https:\/\/campingtiszafured.hu\/hu\/wp-content\/uploads\/2016\/05\/DSC_0030.jpg\",\"width\":1620,\"height\":1080},{\"@type\":\"BreadcrumbList\",\"@id\":\"https:\/\/campingtiszafured.hu\/hu\/#breadcrumb\",\"itemListElement\":[{\"@type\":\"ListItem\",\"position\":1,\"name\":\"Home\",\"item\":\"https:\/\/campingtiszafured.hu\/hu\/\"},{\"@type\":\"ListItem\",\"position\":2,\"name\":\"F\u0151oldal\"}]},{\"@type\":\"WebSite\",\"@id\":\"https:\/\/campingtiszafured.hu\/hu\/#website\",\"url\":\"https:\/\/campingtiszafured.hu\/hu\/\",\"name\":\"Dieter&#039;s camping\",\"description\":\"Camping \u00e9s apartman Tiszaf\u00fcreden\",\"potentialAction\":[{\"@type\":\"SearchAction\",\"target\":{\"@type\":\"EntryPoint\",\"urlTemplate\":\"https:\/\/campingtiszafured.hu\/hu\/?s={search_term_string}\"},\"query-input\":{\"@type\":\"PropertyValueSpecification\",\"valueRequired\":true,\"valueName\":\"search_term_string\"}}],\"inLanguage\":\"hu\"}]}<\/script>\n<!-- \/ Yoast SEO plugin. -->","yoast_head_json":{"title":"Dieter's Camping \u00e9s Apartman Tiszaf\u00fcred","description":"K\u00f6sz\u00f6nt\u00fcnk Dieter's Camping Tiszaf\u00fcred weboldal\u00e1n! Kemping\u00fcnk el\u00e9rhet\u0151s\u00e9geir\u0151l \u00e9s a k\u00f6zelben tal\u00e1lhat\u00f3 l\u00e1tnival\u00f3kr\u00f3l tov\u00e1bb t\u00e1j\u00e9koz\u00f3dhatsz a honlapunkon.","robots":{"index":"index","follow":"follow","max-snippet":"max-snippet:-1","max-image-preview":"max-image-preview:large","max-video-preview":"max-video-preview:-1"},"canonical":"https:\/\/campingtiszafured.hu\/hu\/","og_locale":"hu_HU","og_type":"article","og_title":"Dieter's Camping \u00e9s Apartman Tiszaf\u00fcred","og_description":"K\u00f6sz\u00f6nt\u00fcnk Dieter's Camping Tiszaf\u00fcred weboldal\u00e1n! Kemping\u00fcnk el\u00e9rhet\u0151s\u00e9geir\u0151l \u00e9s a k\u00f6zelben tal\u00e1lhat\u00f3 l\u00e1tnival\u00f3kr\u00f3l tov\u00e1bb t\u00e1j\u00e9koz\u00f3dhatsz a honlapunkon.","og_url":"https:\/\/campingtiszafured.hu\/hu\/","og_site_name":"Dieter&#039;s camping","article_publisher":"https:\/\/www.facebook.com\/Dieters-CampingApartman-1718938541689020\/","article_modified_time":"2025-03-23T22:28:05+00:00","og_image":[{"width":1620,"height":1080,"url":"https:\/\/campingtiszafured.hu\/hu\/wp-content\/uploads\/2016\/05\/DSC_0030.jpg","type":"image\/jpeg"}],"twitter_card":"summary_large_image","twitter_misc":{"Becs\u00fclt olvas\u00e1si id\u0151":"2 perc"},"schema":{"@context":"https:\/\/schema.org","@graph":[{"@type":"WebPage","@id":"https:\/\/campingtiszafured.hu\/hu\/","url":"https:\/\/campingtiszafured.hu\/hu\/","name":"Dieter's Camping \u00e9s Apartman Tiszaf\u00fcred","isPartOf":{"@id":"https:\/\/campingtiszafured.hu\/hu\/#website"},"primaryImageOfPage":{"@id":"https:\/\/campingtiszafured.hu\/hu\/#primaryimage"},"image":{"@id":"https:\/\/campingtiszafured.hu\/hu\/#primaryimage"},"thumbnailUrl":"https:\/\/campingtiszafured.hu\/hu\/wp-content\/uploads\/2016\/05\/DSC_0030-300x200.jpg","datePublished":"2016-05-22T09:31:46+00:00","dateModified":"2025-03-23T22:28:05+00:00","description":"K\u00f6sz\u00f6nt\u00fcnk Dieter's Camping Tiszaf\u00fcred weboldal\u00e1n! Kemping\u00fcnk el\u00e9rhet\u0151s\u00e9geir\u0151l \u00e9s a k\u00f6zelben tal\u00e1lhat\u00f3 l\u00e1tnival\u00f3kr\u00f3l tov\u00e1bb t\u00e1j\u00e9koz\u00f3dhatsz a honlapunkon.","breadcrumb":{"@id":"https:\/\/campingtiszafured.hu\/hu\/#breadcrumb"},"inLanguage":"hu","potentialAction":[{"@type":"ReadAction","target":["https:\/\/campingtiszafured.hu\/hu\/"]}]},{"@type":"ImageObject","inLanguage":"hu","@id":"https:\/\/campingtiszafured.hu\/hu\/#primaryimage","url":"https:\/\/campingtiszafured.hu\/hu\/wp-content\/uploads\/2016\/05\/DSC_0030.jpg","contentUrl":"https:\/\/campingtiszafured.hu\/hu\/wp-content\/uploads\/2016\/05\/DSC_0030.jpg","width":1620,"height":1080},{"@type":"BreadcrumbList","@id":"https:\/\/campingtiszafured.hu\/hu\/#breadcrumb","itemListElement":[{"@type":"ListItem","position":1,"name":"Home","item":"https:\/\/campingtiszafured.hu\/hu\/"},{"@type":"ListItem","position":2,"name":"F\u0151oldal"}]},{"@type":"WebSite","@id":"https:\/\/campingtiszafured.hu\/hu\/#website","url":"https:\/\/campingtiszafured.hu\/hu\/","name":"Dieter&#039;s camping","description":"Camping \u00e9s apartman Tiszaf\u00fcreden","potentialAction":[{"@type":"SearchAction","target":{"@type":"EntryPoint","urlTemplate":"https:\/\/campingtiszafured.hu\/hu\/?s={search_term_string}"},"query-input":{"@type":"PropertyValueSpecification","valueRequired":true,"valueName":"search_term_string"}}],"inLanguage":"hu"}]}},"_links":{"self":[{"href":"https:\/\/campingtiszafured.hu\/hu\/wp-json\/wp\/v2\/pages\/2","targetHints":{"allow":["GET"]}}],"collection":[{"href":"https:\/\/campingtiszafured.hu\/hu\/wp-json\/wp\/v2\/pages"}],"about":[{"href":"https:\/\/campingtiszafured.hu\/hu\/wp-json\/wp\/v2\/types\/page"}],"author":[{"embeddable":true,"href":"https:\/\/campingtiszafured.hu\/hu\/wp-json\/wp\/v2\/users\/1"}],"replies":[{"embeddable":true,"href":"https:\/\/campingtiszafured.hu\/hu\/wp-json\/wp\/v2\/comments?post=2"}],"version-history":[{"count":23,"href":"https:\/\/campingtiszafured.hu\/hu\/wp-json\/wp\/v2\/pages\/2\/revisions"}],"predecessor-version":[{"id":461,"href":"https:\/\/campingtiszafured.hu\/hu\/wp-json\/wp\/v2\/pages\/2\/revisions\/461"}],"wp:attachment":[{"href":"https:\/\/campingtiszafured.hu\/hu\/wp-json\/wp\/v2\/media?parent=2"}],"curies":[{"name":"wp","href":"https:\/\/api.w.org\/{rel}","templated":true}]}}