{"id":18,"date":"2016-05-26T17:32:35","date_gmt":"2016-05-26T17:32:35","guid":{"rendered":"http:\/\/campingtiszafured.hu\/en\/?page_id=18"},"modified":"2017-02-26T17:49:42","modified_gmt":"2017-02-26T15:49:42","slug":"contact","status":"publish","type":"page","link":"https:\/\/campingtiszafured.hu\/en\/contact\/","title":{"rendered":"Contact"},"content":{"rendered":"<h2>Contact<a href=\"https:\/\/campingtiszafured.hu\/en\/wp-content\/uploads\/2016\/06\/DSC_0050.jpg\"><img loading=\"lazy\" decoding=\"async\" class=\" wp-image-108 alignright\" src=\"https:\/\/campingtiszafured.hu\/en\/wp-content\/uploads\/2016\/06\/DSC_0050-300x200.jpg\" alt=\"DSC_0050\" width=\"346\" height=\"230\" srcset=\"https:\/\/campingtiszafured.hu\/en\/wp-content\/uploads\/2016\/06\/DSC_0050-300x200.jpg 300w, https:\/\/campingtiszafured.hu\/en\/wp-content\/uploads\/2016\/06\/DSC_0050-768x512.jpg 768w, https:\/\/campingtiszafured.hu\/en\/wp-content\/uploads\/2016\/06\/DSC_0050-1024x683.jpg 1024w\" sizes=\"auto, (max-width: 346px) 100vw, 346px\" \/><\/a><\/h2>\n<p>The contact of the Dieter&#8217;s Camping Tiszaf\u00fcred:<\/p>\n<p>Adress: Hungary, 5350 Tiszaf\u00fcred F\u00fcrd\u0151 street 9.<\/p>\n<p>Phone: +3630\/254 9579<\/p>\n<p>Website: <a href=\"https:\/\/campingtiszafured.hu\">https:\/\/campingtiszafured.hu\u00a0&#8211; Dieter&#8217;s Camping Tiszaf\u00fcred<\/a><\/p>\n<p>E-Mail: <a href=\"mailto:info@campingtiszafured.hu\">info@campingtiszafured.hu<\/a><\/p>\n<p>Map:<br \/>\n<iframe loading=\"lazy\" style=\"border: 0;\" src=\"https:\/\/www.google.com\/maps\/embed?pb=!1m14!1m8!1m3!1d10756.207424799286!2d20.749952244034414!3d47.62512324507959!3m2!1i1024!2i768!4f13.1!3m3!1m2!1s0x0%3A0x6778e0971b7ef87d!2sDieter's+Camping!5e0!3m2!1shu!2shu!4v1466444716453\" width=\"600\" height=\"450\" frameborder=\"0\" allowfullscreen=\"allowfullscreen\"><\/iframe><\/p>\n","protected":false},"excerpt":{"rendered":"<p>Contact The contact of the Dieter&#8217;s Camping Tiszaf\u00fcred: Adress: Hungary, 5350 Tiszaf\u00fcred F\u00fcrd\u0151 street 9. Phone: +3630\/254 9579 Website: https:\/\/campingtiszafured.hu\u00a0&#8211; Dieter&#8217;s Camping Tiszaf\u00fcred E-Mail: info@campingtiszafured.hu Map:<\/p>\n","protected":false},"author":1,"featured_media":0,"parent":0,"menu_order":0,"comment_status":"closed","ping_status":"closed","template":"","meta":{"footnotes":""},"class_list":["post-18","page","type-page","status-publish","hentry"],"_links":{"self":[{"href":"https:\/\/campingtiszafured.hu\/en\/wp-json\/wp\/v2\/pages\/18","targetHints":{"allow":["GET"]}}],"collection":[{"href":"https:\/\/campingtiszafured.hu\/en\/wp-json\/wp\/v2\/pages"}],"about":[{"href":"https:\/\/campingtiszafured.hu\/en\/wp-json\/wp\/v2\/types\/page"}],"author":[{"embeddable":true,"href":"https:\/\/campingtiszafured.hu\/en\/wp-json\/wp\/v2\/users\/1"}],"replies":[{"embeddable":true,"href":"https:\/\/campingtiszafured.hu\/en\/wp-json\/wp\/v2\/comments?post=18"}],"version-history":[{"count":8,"href":"https:\/\/campingtiszafured.hu\/en\/wp-json\/wp\/v2\/pages\/18\/revisions"}],"predecessor-version":[{"id":149,"href":"https:\/\/campingtiszafured.hu\/en\/wp-json\/wp\/v2\/pages\/18\/revisions\/149"}],"wp:attachment":[{"href":"https:\/\/campingtiszafured.hu\/en\/wp-json\/wp\/v2\/media?parent=18"}],"curies":[{"name":"wp","href":"https:\/\/api.w.org\/{rel}","templated":true}]}}